{"id":3234,"date":"2022-10-06T12:29:40","date_gmt":"2022-10-06T10:29:40","guid":{"rendered":"https:\/\/www.restaurantelienzo.com\/regala-lienzo\/"},"modified":"2024-02-15T12:17:35","modified_gmt":"2024-02-15T11:17:35","slug":"giveaway-lienzo","status":"publish","type":"page","link":"https:\/\/www.restaurantelienzo.com\/en\/giveaway-lienzo\/","title":{"rendered":"Give away Lienzo"},"content":{"rendered":"[vc_row type=&#8221;in_container&#8221; full_screen_row_position=&#8221;middle&#8221; column_margin=&#8221;default&#8221; column_direction=&#8221;default&#8221; column_direction_tablet=&#8221;default&#8221; column_direction_phone=&#8221;default&#8221; scene_position=&#8221;center&#8221; top_padding=&#8221;10%&#8221; bottom_padding=&#8221;5%&#8221; text_color=&#8221;dark&#8221; text_align=&#8221;left&#8221; row_border_radius=&#8221;none&#8221; row_border_radius_applies=&#8221;bg&#8221; overlay_strength=&#8221;0.3&#8243; gradient_direction=&#8221;left_to_right&#8221; shape_divider_position=&#8221;bottom&#8221; bg_image_animation=&#8221;none&#8221; shape_type=&#8221;&#8221;][vc_column column_padding=&#8221;no-extra-padding&#8221; column_padding_tablet=&#8221;inherit&#8221; column_padding_phone=&#8221;inherit&#8221; column_padding_position=&#8221;all&#8221; column_element_spacing=&#8221;default&#8221; background_color_opacity=&#8221;1&#8243; background_hover_color_opacity=&#8221;1&#8243; column_shadow=&#8221;none&#8221; column_border_radius=&#8221;none&#8221; column_link_target=&#8221;_self&#8221; gradient_direction=&#8221;left_to_right&#8221; overlay_strength=&#8221;0.3&#8243; width=&#8221;1\/1&#8243; tablet_width_inherit=&#8221;default&#8221; tablet_text_alignment=&#8221;default&#8221; phone_text_alignment=&#8221;default&#8221; bg_image_animation=&#8221;none&#8221; border_type=&#8221;simple&#8221; column_border_width=&#8221;none&#8221; column_border_style=&#8221;solid&#8221;][heading]\n<h1>Give away Lienzo<\/h1>\n<h3 style=\"margin-top: 30px;\">Outstanding culinary and sensory experience.<\/h3>\n[\/heading][\/vc_column][\/vc_row][vc_row type=&#8221;in_container&#8221; full_screen_row_position=&#8221;middle&#8221; column_margin=&#8221;default&#8221; column_direction=&#8221;default&#8221; column_direction_tablet=&#8221;default&#8221; column_direction_phone=&#8221;default&#8221; scene_position=&#8221;center&#8221; top_padding=&#8221;0&#8243; bottom_padding=&#8221;5%&#8221; text_color=&#8221;dark&#8221; text_align=&#8221;left&#8221; row_border_radius=&#8221;none&#8221; row_border_radius_applies=&#8221;bg&#8221; overlay_strength=&#8221;0.3&#8243; gradient_direction=&#8221;left_to_right&#8221; shape_divider_position=&#8221;bottom&#8221; bg_image_animation=&#8221;none&#8221; shape_type=&#8221;&#8221;][vc_column column_padding=&#8221;no-extra-padding&#8221; column_padding_tablet=&#8221;inherit&#8221; column_padding_phone=&#8221;inherit&#8221; column_padding_position=&#8221;all&#8221; column_element_spacing=&#8221;default&#8221; background_color_opacity=&#8221;1&#8243; background_hover_color_opacity=&#8221;1&#8243; column_shadow=&#8221;none&#8221; column_border_radius=&#8221;none&#8221; column_link_target=&#8221;_self&#8221; gradient_direction=&#8221;left_to_right&#8221; overlay_strength=&#8221;0.3&#8243; width=&#8221;1\/1&#8243; tablet_width_inherit=&#8221;default&#8221; tablet_text_alignment=&#8221;default&#8221; phone_text_alignment=&#8221;default&#8221; bg_image_animation=&#8221;none&#8221; border_type=&#8221;simple&#8221; column_border_width=&#8221;none&#8221; column_border_style=&#8221;solid&#8221;][vc_raw_html]JTNDaWZyYW1lJTIwc3R5bGUlM0QlMjJ3aWR0aCUzQSUyMDEwMCUyNSUzQiUyMGJvcmRlciUzQSUyMDAlMjIlMjBzcmMlM0QlMjJodHRwcyUzQSUyRiUyRnJlc3RhdXJhbnRlbGllbnpvLmJvbmtkby5jb20lMkZlbiUyRiUzRmVtYmVkJTNEdHJ1ZSUyNmhpZGVfbWFpbl90aXRsZV9kZXNjcmlwdGlvbiUzRGZhbHNlJTI2aGlkZV9mb290ZXIlM0RmYWxzZSUyNmhpZGVfd2h5Y2hvb3NldXMlM0RmYWxzZSUyNmhpZGVfY3JlYXRlX21vbmV5X3BvdCUzRGZhbHNlJTI2aGlkZV9ncm91cF9wYXltZW50JTNEZmFsc2UlMjZoaWRlX3NoYXJlZF9naWZ0c19oZWFkZXIlM0RmYWxzZSUyNmhpZGVfd2hvbGVfc2hhcmVkX2dpZnRzJTNEZmFsc2UlMjZoaWRlX2dpZnRjYXJkcyUzRGZhbHNlJTI2aGlkZV92b3VjaGVycyUzRGZhbHNlJTIyJTNFJTNDJTJGaWZyYW1lJTNFJTNDc2NyaXB0JTIwc3JjJTNEJTIyaHR0cHMlM0ElMkYlMkZyZXN0YXVyYW50ZWxpZW56by5ib25rZG8uY29tJTJGc3RhdGljJTJGanMlMkZpZnJhbWVSZXNpemVyLm1pbi5qcyUyMiUzRSUzQyUyRnNjcmlwdCUzRSUzQ3NjcmlwdCUzRWlGcmFtZVJlc2l6ZSUyOCUyOSUzQyUyRnNjcmlwdCUzRQ==[\/vc_raw_html][\/vc_column][\/vc_row]\n","protected":false},"excerpt":{"rendered":"<p>[vc_row type=&#8221;in_container&#8221; full_screen_row_position=&#8221;middle&#8221; column_margin=&#8221;default&#8221; column_direction=&#8221;default&#8221; column_direction_tablet=&#8221;default&#8221; column_direction_phone=&#8221;default&#8221; scene_position=&#8221;center&#8221; top_padding=&#8221;10%&#8221; bottom_padding=&#8221;5%&#8221; text_color=&#8221;dark&#8221; text_align=&#8221;left&#8221; row_border_radius=&#8221;none&#8221; row_border_radius_applies=&#8221;bg&#8221; overlay_strength=&#8221;0.3&#8243; gradient_direction=&#8221;left_to_right&#8221; shape_divider_position=&#8221;bottom&#8221; bg_image_animation=&#8221;none&#8221; shape_type=&#8221;&#8221;][vc_column column_padding=&#8221;no-extra-padding&#8221; column_padding_tablet=&#8221;inherit&#8221; column_padding_phone=&#8221;inherit&#8221; column_padding_position=&#8221;all&#8221; column_element_spacing=&#8221;default&#8221; background_color_opacity=&#8221;1&#8243; background_hover_color_opacity=&#8221;1&#8243; column_shadow=&#8221;none&#8221; column_border_radius=&#8221;none&#8221; column_link_target=&#8221;_self&#8221; gradient_direction=&#8221;left_to_right&#8221;&#8230;<\/p>\n","protected":false},"author":4,"featured_media":7505,"parent":0,"menu_order":0,"comment_status":"closed","ping_status":"closed","template":"","meta":{"footnotes":""},"yoast_head":"<!-- This site is optimized with the Yoast SEO plugin v22.4 - https:\/\/yoast.com\/wordpress\/plugins\/seo\/ -->\n<title>Give away Lienzo - Lienzo restaurant in Valencia<\/title>\n<meta name=\"description\" content=\"Regala Lienzo. La buena cocina es una de las mejores experiencias sensoriales que se puedan disfrutar.\" \/>\n<meta name=\"robots\" content=\"index, follow, max-snippet:-1, max-image-preview:large, max-video-preview:-1\" \/>\n<link rel=\"canonical\" href=\"https:\/\/www.restaurantelienzo.com\/en\/giveaway-lienzo\/\" \/>\n<meta property=\"og:locale\" content=\"en_US\" \/>\n<meta property=\"og:type\" content=\"article\" \/>\n<meta property=\"og:title\" content=\"Give away Lienzo - Lienzo restaurant in Valencia\" \/>\n<meta property=\"og:description\" content=\"Regala Lienzo. La buena cocina es una de las mejores experiencias sensoriales que se puedan disfrutar.\" \/>\n<meta property=\"og:url\" content=\"https:\/\/www.restaurantelienzo.com\/en\/giveaway-lienzo\/\" \/>\n<meta property=\"og:site_name\" content=\"Lienzo restaurant in Valencia\" \/>\n<meta property=\"article:publisher\" content=\"https:\/\/www.facebook.com\/restaurante.lienzo?fref=ts\" \/>\n<meta property=\"article:modified_time\" content=\"2024-02-15T11:17:35+00:00\" \/>\n<meta property=\"og:image\" content=\"https:\/\/www.restaurantelienzo.com\/web\/wp-content\/uploads\/2022\/04\/Maria-Jose-Martinez-restaurantelienzo.jpg\" \/>\n\t<meta property=\"og:image:width\" content=\"600\" \/>\n\t<meta property=\"og:image:height\" content=\"900\" \/>\n\t<meta property=\"og:image:type\" content=\"image\/jpeg\" \/>\n<meta name=\"twitter:label1\" content=\"Est. reading time\" \/>\n\t<meta name=\"twitter:data1\" content=\"1 minute\" \/>\n<script type=\"application\/ld+json\" class=\"yoast-schema-graph\">{\"@context\":\"https:\/\/schema.org\",\"@graph\":[{\"@type\":\"WebPage\",\"@id\":\"https:\/\/www.restaurantelienzo.com\/en\/giveaway-lienzo\/\",\"url\":\"https:\/\/www.restaurantelienzo.com\/en\/giveaway-lienzo\/\",\"name\":\"Give away Lienzo - Lienzo restaurant in Valencia\",\"isPartOf\":{\"@id\":\"https:\/\/www.restaurantelienzo.com\/#website\"},\"primaryImageOfPage\":{\"@id\":\"https:\/\/www.restaurantelienzo.com\/en\/giveaway-lienzo\/#primaryimage\"},\"image\":{\"@id\":\"https:\/\/www.restaurantelienzo.com\/en\/giveaway-lienzo\/#primaryimage\"},\"thumbnailUrl\":\"https:\/\/www.restaurantelienzo.com\/web\/wp-content\/uploads\/2025\/09\/PLATOS-LIENZO-1-copia.jpeg\",\"datePublished\":\"2022-10-06T10:29:40+00:00\",\"dateModified\":\"2024-02-15T11:17:35+00:00\",\"description\":\"Regala Lienzo. La buena cocina es una de las mejores experiencias sensoriales que se puedan disfrutar.\",\"breadcrumb\":{\"@id\":\"https:\/\/www.restaurantelienzo.com\/en\/giveaway-lienzo\/#breadcrumb\"},\"inLanguage\":\"en-US\",\"potentialAction\":[{\"@type\":\"ReadAction\",\"target\":[\"https:\/\/www.restaurantelienzo.com\/en\/giveaway-lienzo\/\"]}]},{\"@type\":\"ImageObject\",\"inLanguage\":\"en-US\",\"@id\":\"https:\/\/www.restaurantelienzo.com\/en\/giveaway-lienzo\/#primaryimage\",\"url\":\"https:\/\/www.restaurantelienzo.com\/web\/wp-content\/uploads\/2025\/09\/PLATOS-LIENZO-1-copia.jpeg\",\"contentUrl\":\"https:\/\/www.restaurantelienzo.com\/web\/wp-content\/uploads\/2025\/09\/PLATOS-LIENZO-1-copia.jpeg\",\"width\":1280,\"height\":854},{\"@type\":\"BreadcrumbList\",\"@id\":\"https:\/\/www.restaurantelienzo.com\/en\/giveaway-lienzo\/#breadcrumb\",\"itemListElement\":[{\"@type\":\"ListItem\",\"position\":1,\"name\":\"Portada\",\"item\":\"https:\/\/www.restaurantelienzo.com\/en\/\"},{\"@type\":\"ListItem\",\"position\":2,\"name\":\"Give away Lienzo\"}]},{\"@type\":\"WebSite\",\"@id\":\"https:\/\/www.restaurantelienzo.com\/#website\",\"url\":\"https:\/\/www.restaurantelienzo.com\/\",\"name\":\"Lienzo restaurant in Valencia\",\"description\":\"Maria Jos\u00e9 Mart\u00ednez en cocina y Juan Jos\u00e9 Soria capitanean el Restaurante Lienzo, cocina mediterr\u00e1nea con ingredientes locales y de temporada. Estrella Michelin 2023\",\"publisher\":{\"@id\":\"https:\/\/www.restaurantelienzo.com\/#organization\"},\"potentialAction\":[{\"@type\":\"SearchAction\",\"target\":{\"@type\":\"EntryPoint\",\"urlTemplate\":\"https:\/\/www.restaurantelienzo.com\/?s={search_term_string}\"},\"query-input\":\"required name=search_term_string\"}],\"inLanguage\":\"en-US\"},{\"@type\":\"Organization\",\"@id\":\"https:\/\/www.restaurantelienzo.com\/#organization\",\"name\":\"Restaurante Lienzo\",\"url\":\"https:\/\/www.restaurantelienzo.com\/\",\"logo\":{\"@type\":\"ImageObject\",\"inLanguage\":\"en-US\",\"@id\":\"https:\/\/www.restaurantelienzo.com\/#\/schema\/logo\/image\/\",\"url\":\"https:\/\/www.restaurantelienzo.com\/web\/wp-content\/uploads\/2022\/11\/lienzo-negro.png\",\"contentUrl\":\"https:\/\/www.restaurantelienzo.com\/web\/wp-content\/uploads\/2022\/11\/lienzo-negro.png\",\"width\":341,\"height\":103,\"caption\":\"Restaurante Lienzo\"},\"image\":{\"@id\":\"https:\/\/www.restaurantelienzo.com\/#\/schema\/logo\/image\/\"},\"sameAs\":[\"https:\/\/www.facebook.com\/restaurante.lienzo?fref=ts\",\"https:\/\/www.instagram.com\/restaurante_lienzo\/?hl=es\"]}]}<\/script>\n<!-- \/ Yoast SEO plugin. -->","yoast_head_json":{"title":"Give away Lienzo - Lienzo restaurant in Valencia","description":"Regala Lienzo. La buena cocina es una de las mejores experiencias sensoriales que se puedan disfrutar.","robots":{"index":"index","follow":"follow","max-snippet":"max-snippet:-1","max-image-preview":"max-image-preview:large","max-video-preview":"max-video-preview:-1"},"canonical":"https:\/\/www.restaurantelienzo.com\/en\/giveaway-lienzo\/","og_locale":"en_US","og_type":"article","og_title":"Give away Lienzo - Lienzo restaurant in Valencia","og_description":"Regala Lienzo. La buena cocina es una de las mejores experiencias sensoriales que se puedan disfrutar.","og_url":"https:\/\/www.restaurantelienzo.com\/en\/giveaway-lienzo\/","og_site_name":"Lienzo restaurant in Valencia","article_publisher":"https:\/\/www.facebook.com\/restaurante.lienzo?fref=ts","article_modified_time":"2024-02-15T11:17:35+00:00","og_image":[{"width":600,"height":900,"url":"https:\/\/www.restaurantelienzo.com\/web\/wp-content\/uploads\/2022\/04\/Maria-Jose-Martinez-restaurantelienzo.jpg","type":"image\/jpeg"}],"twitter_misc":{"Est. reading time":"1 minute"},"schema":{"@context":"https:\/\/schema.org","@graph":[{"@type":"WebPage","@id":"https:\/\/www.restaurantelienzo.com\/en\/giveaway-lienzo\/","url":"https:\/\/www.restaurantelienzo.com\/en\/giveaway-lienzo\/","name":"Give away Lienzo - Lienzo restaurant in Valencia","isPartOf":{"@id":"https:\/\/www.restaurantelienzo.com\/#website"},"primaryImageOfPage":{"@id":"https:\/\/www.restaurantelienzo.com\/en\/giveaway-lienzo\/#primaryimage"},"image":{"@id":"https:\/\/www.restaurantelienzo.com\/en\/giveaway-lienzo\/#primaryimage"},"thumbnailUrl":"https:\/\/www.restaurantelienzo.com\/web\/wp-content\/uploads\/2025\/09\/PLATOS-LIENZO-1-copia.jpeg","datePublished":"2022-10-06T10:29:40+00:00","dateModified":"2024-02-15T11:17:35+00:00","description":"Regala Lienzo. La buena cocina es una de las mejores experiencias sensoriales que se puedan disfrutar.","breadcrumb":{"@id":"https:\/\/www.restaurantelienzo.com\/en\/giveaway-lienzo\/#breadcrumb"},"inLanguage":"en-US","potentialAction":[{"@type":"ReadAction","target":["https:\/\/www.restaurantelienzo.com\/en\/giveaway-lienzo\/"]}]},{"@type":"ImageObject","inLanguage":"en-US","@id":"https:\/\/www.restaurantelienzo.com\/en\/giveaway-lienzo\/#primaryimage","url":"https:\/\/www.restaurantelienzo.com\/web\/wp-content\/uploads\/2025\/09\/PLATOS-LIENZO-1-copia.jpeg","contentUrl":"https:\/\/www.restaurantelienzo.com\/web\/wp-content\/uploads\/2025\/09\/PLATOS-LIENZO-1-copia.jpeg","width":1280,"height":854},{"@type":"BreadcrumbList","@id":"https:\/\/www.restaurantelienzo.com\/en\/giveaway-lienzo\/#breadcrumb","itemListElement":[{"@type":"ListItem","position":1,"name":"Portada","item":"https:\/\/www.restaurantelienzo.com\/en\/"},{"@type":"ListItem","position":2,"name":"Give away Lienzo"}]},{"@type":"WebSite","@id":"https:\/\/www.restaurantelienzo.com\/#website","url":"https:\/\/www.restaurantelienzo.com\/","name":"Lienzo restaurant in Valencia","description":"Maria Jos\u00e9 Mart\u00ednez en cocina y Juan Jos\u00e9 Soria capitanean el Restaurante Lienzo, cocina mediterr\u00e1nea con ingredientes locales y de temporada. Estrella Michelin 2023","publisher":{"@id":"https:\/\/www.restaurantelienzo.com\/#organization"},"potentialAction":[{"@type":"SearchAction","target":{"@type":"EntryPoint","urlTemplate":"https:\/\/www.restaurantelienzo.com\/?s={search_term_string}"},"query-input":"required name=search_term_string"}],"inLanguage":"en-US"},{"@type":"Organization","@id":"https:\/\/www.restaurantelienzo.com\/#organization","name":"Restaurante Lienzo","url":"https:\/\/www.restaurantelienzo.com\/","logo":{"@type":"ImageObject","inLanguage":"en-US","@id":"https:\/\/www.restaurantelienzo.com\/#\/schema\/logo\/image\/","url":"https:\/\/www.restaurantelienzo.com\/web\/wp-content\/uploads\/2022\/11\/lienzo-negro.png","contentUrl":"https:\/\/www.restaurantelienzo.com\/web\/wp-content\/uploads\/2022\/11\/lienzo-negro.png","width":341,"height":103,"caption":"Restaurante Lienzo"},"image":{"@id":"https:\/\/www.restaurantelienzo.com\/#\/schema\/logo\/image\/"},"sameAs":["https:\/\/www.facebook.com\/restaurante.lienzo?fref=ts","https:\/\/www.instagram.com\/restaurante_lienzo\/?hl=es"]}]}},"_links":{"self":[{"href":"https:\/\/www.restaurantelienzo.com\/en\/wp-json\/wp\/v2\/pages\/3234"}],"collection":[{"href":"https:\/\/www.restaurantelienzo.com\/en\/wp-json\/wp\/v2\/pages"}],"about":[{"href":"https:\/\/www.restaurantelienzo.com\/en\/wp-json\/wp\/v2\/types\/page"}],"author":[{"embeddable":true,"href":"https:\/\/www.restaurantelienzo.com\/en\/wp-json\/wp\/v2\/users\/4"}],"replies":[{"embeddable":true,"href":"https:\/\/www.restaurantelienzo.com\/en\/wp-json\/wp\/v2\/comments?post=3234"}],"version-history":[{"count":5,"href":"https:\/\/www.restaurantelienzo.com\/en\/wp-json\/wp\/v2\/pages\/3234\/revisions"}],"predecessor-version":[{"id":4888,"href":"https:\/\/www.restaurantelienzo.com\/en\/wp-json\/wp\/v2\/pages\/3234\/revisions\/4888"}],"wp:featuredmedia":[{"embeddable":true,"href":"https:\/\/www.restaurantelienzo.com\/en\/wp-json\/wp\/v2\/media\/7505"}],"wp:attachment":[{"href":"https:\/\/www.restaurantelienzo.com\/en\/wp-json\/wp\/v2\/media?parent=3234"}],"curies":[{"name":"wp","href":"https:\/\/api.w.org\/{rel}","templated":true}]}}