{"id":2749,"date":"2013-05-02T10:50:29","date_gmt":"2013-05-02T08:50:29","guid":{"rendered":"https:\/\/www.restaurantelienzo.com\/carta\/"},"modified":"2026-01-27T22:31:45","modified_gmt":"2026-01-27T21:31:45","slug":"food-menu","status":"publish","type":"page","link":"https:\/\/www.restaurantelienzo.com\/en\/food-menu\/","title":{"rendered":"Food menu"},"content":{"rendered":"[vc_row type=&#8221;full_width_background&#8221; full_screen_row_position=&#8221;middle&#8221; column_margin=&#8221;default&#8221; column_direction=&#8221;default&#8221; column_direction_tablet=&#8221;default&#8221; column_direction_phone=&#8221;default&#8221; bg_color=&#8221;rgba(241,226,205,0.37)&#8221; scene_position=&#8221;center&#8221; top_padding=&#8221;10%&#8221; bottom_padding=&#8221;5%&#8221; top_padding_tablet=&#8221;8%&#8221; bottom_padding_tablet=&#8221;5%&#8221; top_padding_phone=&#8221;6%&#8221; bottom_padding_phone=&#8221;3%&#8221; text_color=&#8221;dark&#8221; text_align=&#8221;left&#8221; row_border_radius=&#8221;none&#8221; row_border_radius_applies=&#8221;bg&#8221; id=&#8221;menu&#8221; overlay_strength=&#8221;0.3&#8243; gradient_direction=&#8221;left_to_right&#8221; shape_divider_position=&#8221;bottom&#8221; bg_image_animation=&#8221;none&#8221; shape_type=&#8221;&#8221;][vc_column column_padding=&#8221;no-extra-padding&#8221; column_padding_tablet=&#8221;inherit&#8221; column_padding_phone=&#8221;inherit&#8221; column_padding_position=&#8221;all&#8221; column_element_spacing=&#8221;default&#8221; centered_text=&#8221;true&#8221; background_color_opacity=&#8221;1&#8243; background_hover_color_opacity=&#8221;1&#8243; column_shadow=&#8221;none&#8221; column_border_radius=&#8221;none&#8221; column_link_target=&#8221;_self&#8221; gradient_direction=&#8221;left_to_right&#8221; overlay_strength=&#8221;0.3&#8243; width=&#8221;1\/1&#8243; tablet_width_inherit=&#8221;default&#8221; tablet_text_alignment=&#8221;default&#8221; phone_text_alignment=&#8221;default&#8221; bg_image_animation=&#8221;none&#8221; border_type=&#8221;simple&#8221; column_border_width=&#8221;none&#8221; column_border_style=&#8221;solid&#8221;][tabbed_section style=&#8221;minimal_alt&#8221; alignment=&#8221;center&#8221; spacing=&#8221;side-25px&#8221; tab_color=&#8221;Extra-Color-1&#8243; cta_button_style=&#8221;extra-color-3&#8243; icon_size=&#8221;24&#8243;][tab icon_family=&#8221;none&#8221; title=&#8221;Menus&#8221; id=&#8221;1756733524330-6&#8243; tab_id=&#8221;1756733524330-9&#8243;][vc_column_text css=&#8221;.vc_custom_1634213993483{padding-top: 60px !important;}&#8221;]\n<h2 style=\"text-align: center;\">Menus<\/h2>\n[\/vc_column_text][vc_row_inner column_margin=&#8221;default&#8221; column_direction=&#8221;default&#8221; column_direction_tablet=&#8221;default&#8221; column_direction_phone=&#8221;default&#8221; top_padding=&#8221;30&#8243; text_align=&#8221;left&#8221;][vc_column_inner column_padding=&#8221;padding-3-percent&#8221; column_padding_tablet=&#8221;inherit&#8221; column_padding_phone=&#8221;inherit&#8221; column_padding_position=&#8221;all&#8221; column_element_spacing=&#8221;default&#8221; centered_text=&#8221;true&#8221; background_color=&#8221;rgba(255,255,255,0.5)&#8221; background_color_opacity=&#8221;1&#8243; background_hover_color_opacity=&#8221;1&#8243; column_shadow=&#8221;none&#8221; column_border_radius=&#8221;none&#8221; column_link_target=&#8221;_self&#8221; gradient_direction=&#8221;left_to_right&#8221; overlay_strength=&#8221;0.3&#8243; width=&#8221;1\/3&#8243; tablet_width_inherit=&#8221;default&#8221; bg_image_animation=&#8221;none&#8221; enable_animation=&#8221;true&#8221; animation=&#8221;fade-in&#8221; border_type=&#8221;simple&#8221; column_border_width=&#8221;1px&#8221; column_border_color=&#8221;#820000&#8243; column_border_style=&#8221;solid&#8221; enable_border_animation=&#8221;true&#8221;][vc_column_text css=&#8221;.vc_custom_1630947216113{margin-bottom: 30px !important;}&#8221;]\n<h2>Trazos<\/h2>\n[\/vc_column_text][divider line_type=&#8221;Full Width Line&#8221; line_thickness=&#8221;1&#8243; divider_color=&#8221;extra-color-1&#8243;][vc_column_text css=&#8221;.vc_custom_1650551078253{padding-top: 20px !important;}&#8221;]\n<h3 style=\"text-align: center;\">Menu of the day<\/h3>\n[\/vc_column_text][vc_custom_heading text=&#8221;74\u20ac&#8221; font_container=&#8221;tag:h5|text_align:center|color:%23820000&#8243; use_theme_fonts=&#8221;yes&#8221; css=&#8221;.vc_custom_1768848104859{padding-top: 20px !important;}&#8221;][vc_column_text css=&#8221;.vc_custom_1667396257855{margin-bottom: 30px !important;}&#8221;]\n<p style=\"text-align: center;\">With this menu only tables with a maximum of 6 pax are accepted.<\/p>\n[\/vc_column_text][vc_column_text css=&#8221;.vc_custom_1766164467761{margin-bottom: 30px !important;}&#8221;]\n<h6 style=\"text-align: center;\">VAT included<br \/>\nOnly available only during lunch service from Wednesday to Friday from 1:45 p.m. to 2:30 p.m.<\/h6>\n[\/vc_column_text][nectar_btn size=&#8221;large&#8221; button_style=&#8221;regular&#8221; button_color_2=&#8221;Extra-Color-1&#8243; solid_text_color_override=&#8221;#ffffff&#8221; icon_family=&#8221;none&#8221; text=&#8221;74\u20ac&#8221;][\/vc_column_inner][vc_column_inner column_padding=&#8221;padding-3-percent&#8221; column_padding_tablet=&#8221;inherit&#8221; column_padding_phone=&#8221;inherit&#8221; column_padding_position=&#8221;all&#8221; column_element_spacing=&#8221;default&#8221; centered_text=&#8221;true&#8221; background_color=&#8221;rgba(255,255,255,0.5)&#8221; background_color_opacity=&#8221;1&#8243; background_hover_color_opacity=&#8221;1&#8243; column_shadow=&#8221;none&#8221; column_border_radius=&#8221;none&#8221; column_link_target=&#8221;_self&#8221; gradient_direction=&#8221;left_to_right&#8221; overlay_strength=&#8221;0.3&#8243; width=&#8221;1\/3&#8243; tablet_width_inherit=&#8221;default&#8221; bg_image_animation=&#8221;none&#8221; enable_animation=&#8221;true&#8221; animation=&#8221;fade-in&#8221; border_type=&#8221;simple&#8221; column_border_width=&#8221;1px&#8221; column_border_color=&#8221;#820000&#8243; column_border_style=&#8221;solid&#8221; enable_border_animation=&#8221;true&#8221;][vc_column_text css=&#8221;.vc_custom_1630946853063{margin-bottom: 30px !important;}&#8221;]\n<h2>Pinceladas<\/h2>\n[\/vc_column_text][divider line_type=&#8221;Full Width Line&#8221; line_thickness=&#8221;1&#8243; divider_color=&#8221;extra-color-1&#8243;][vc_column_text css=&#8221;.vc_custom_1634214028337{padding-top: 20px !important;}&#8221;]\n<h3 style=\"text-align: center;\">10 dishes<\/h3>\n[\/vc_column_text][vc_custom_heading text=&#8221;105\u20ac&#8221; font_container=&#8221;tag:h5|text_align:center|color:%23820000&#8243; use_theme_fonts=&#8221;yes&#8221; css=&#8221;.vc_custom_1758025507346{padding-top: 20px !important;}&#8221;][vc_column_text css=&#8221;.vc_custom_1717192649376{margin-bottom: 30px !important;}&#8221;]\n<h6 style=\"text-align: center;\">VAT included<br \/>\nAvailable until 14:30 h. and 21:30 h.<\/h6>\n[\/vc_column_text][nectar_btn size=&#8221;large&#8221; button_style=&#8221;regular&#8221; button_color_2=&#8221;Extra-Color-1&#8243; solid_text_color_override=&#8221;#ffffff&#8221; icon_family=&#8221;none&#8221; text=&#8221;105\u20ac&#8221;][\/vc_column_inner][vc_column_inner column_padding=&#8221;padding-3-percent&#8221; column_padding_tablet=&#8221;inherit&#8221; column_padding_phone=&#8221;inherit&#8221; column_padding_position=&#8221;all&#8221; column_element_spacing=&#8221;default&#8221; centered_text=&#8221;true&#8221; background_color=&#8221;rgba(255,255,255,0.5)&#8221; background_color_opacity=&#8221;1&#8243; background_hover_color_opacity=&#8221;1&#8243; column_shadow=&#8221;none&#8221; column_border_radius=&#8221;none&#8221; column_link_target=&#8221;_self&#8221; gradient_direction=&#8221;left_to_right&#8221; overlay_strength=&#8221;0.3&#8243; width=&#8221;1\/3&#8243; tablet_width_inherit=&#8221;default&#8221; bg_image_animation=&#8221;none&#8221; border_type=&#8221;simple&#8221; column_border_width=&#8221;1px&#8221; column_border_color=&#8221;#820000&#8243; column_border_style=&#8221;solid&#8221; enable_border_animation=&#8221;true&#8221;][vc_column_text css=&#8221;.vc_custom_1630947081643{margin-bottom: 30px !important;}&#8221;]\n<h2>Lienzo<\/h2>\n[\/vc_column_text][divider line_type=&#8221;Full Width Line&#8221; line_thickness=&#8221;1&#8243; divider_color=&#8221;extra-color-1&#8243;][vc_column_text css=&#8221;.vc_custom_1634214034947{padding-top: 20px !important;}&#8221;]\n<h3 style=\"text-align: center;\">14 dishes<\/h3>\n[\/vc_column_text][vc_custom_heading text=&#8221;130\u20ac&#8221; font_container=&#8221;tag:h5|text_align:center|color:%23820000&#8243; use_theme_fonts=&#8221;yes&#8221; css=&#8221;.vc_custom_1758025525905{padding-top: 20px !important;}&#8221;][vc_column_text css=&#8221;.vc_custom_1717192589645{margin-bottom: 30px !important;}&#8221;]\n<h6 style=\"text-align: center;\">VAT included<br \/>\nAvailable until<br \/>\nSundays to Sundays from 13:30 h.-14:00 h.<br \/>\nSundays to Saturday from 20:30 h.-21:00 h.<\/h6>\n[\/vc_column_text][nectar_btn size=&#8221;large&#8221; button_style=&#8221;regular&#8221; button_color_2=&#8221;Extra-Color-1&#8243; solid_text_color_override=&#8221;#ffffff&#8221; icon_family=&#8221;none&#8221; text=&#8221;130\u20ac&#8221;][\/vc_column_inner][\/vc_row_inner][vc_column_text]\n<p class=\"p1\" style=\"text-align: center;\"><strong>All of our menus include bread and EVOO service. Drinks are not included.<\/strong><\/p>\n<p style=\"text-align: center;\"><strong>Table setting included in our menus.\u00a0 <\/strong><\/p>\n<p style=\"text-align: center;\"><strong>This restaurant does not offer vegan menus. Vegetarian options in menus Trazos y Pinceladas. Please give one day&#8217;s notice. Thank you.<\/strong><\/p>\n[\/vc_column_text][nectar_btn size=&#8221;large&#8221; button_style=&#8221;regular&#8221; button_color_2=&#8221;Extra-Color-1&#8243; solid_text_color_override=&#8221;#ffffff&#8221; icon_family=&#8221;none&#8221; text=&#8221;BOOK A MENU&#8221; url=&#8221;https:\/\/www.restaurantelienzo.com\/en\/reservation\/&#8221;][\/tab][tab icon_family=&#8221;none&#8221; title=&#8221;Wine&#8221; id=&#8221;1756733524406-7&#8243; tab_id=&#8221;1756733524406-3&#8243;][vc_column_text css=&#8221;.vc_custom_1634214522754{padding-top: 60px !important;}&#8221;]\n<h2 style=\"text-align: center;\">Wine list<\/h2>\n[\/vc_column_text][vc_row_inner column_margin=&#8221;default&#8221; column_direction=&#8221;default&#8221; column_direction_tablet=&#8221;default&#8221; column_direction_phone=&#8221;default&#8221; text_align=&#8221;left&#8221; el_id=&#8221;sparklingwines&#8221; css=&#8221;.vc_custom_1642757872714{padding-top: 30px !important;padding-bottom: 30px !important;}&#8221;][vc_column_inner column_padding=&#8221;no-extra-padding&#8221; column_padding_tablet=&#8221;inherit&#8221; column_padding_phone=&#8221;inherit&#8221; column_padding_position=&#8221;all&#8221; column_element_spacing=&#8221;default&#8221; background_color_opacity=&#8221;1&#8243; background_hover_color_opacity=&#8221;1&#8243; column_shadow=&#8221;none&#8221; column_border_radius=&#8221;none&#8221; column_link_target=&#8221;_self&#8221; gradient_direction=&#8221;left_to_right&#8221; overlay_strength=&#8221;0.3&#8243; width=&#8221;1\/1&#8243; tablet_width_inherit=&#8221;default&#8221; bg_image_animation=&#8221;none&#8221; enable_animation=&#8221;true&#8221; animation=&#8221;fade-in&#8221; border_type=&#8221;simple&#8221; column_border_width=&#8221;none&#8221; column_border_style=&#8221;solid&#8221;][vc_column_text css=&#8221;.vc_custom_1756733505094{padding-top: 60px !important;}&#8221;]\n<h3 style=\"text-align: center;\">Lienzo features a dynamic wine list, featuring selections from the main national and international wine-producing regions.<\/h3>\n[\/vc_column_text][divider line_type=&#8221;No Line&#8221;][\/vc_column_inner][\/vc_row_inner][\/tab][\/tabbed_section][\/vc_column][\/vc_row][vc_row type=&#8221;full_width_background&#8221; full_screen_row_position=&#8221;middle&#8221; column_margin=&#8221;default&#8221; column_direction=&#8221;default&#8221; column_direction_tablet=&#8221;default&#8221; column_direction_phone=&#8221;default&#8221; bg_color=&#8221;rgba(241,226,205,0.37)&#8221; scene_position=&#8221;center&#8221; top_padding=&#8221;60&#8243; bottom_padding=&#8221;60&#8243; top_padding_tablet=&#8221;40&#8243; bottom_padding_tablet=&#8221;40&#8243; top_padding_phone=&#8221;30&#8243; bottom_padding_phone=&#8221;30&#8243; text_color=&#8221;dark&#8221; text_align=&#8221;left&#8221; row_border_radius=&#8221;none&#8221; row_border_radius_applies=&#8221;bg&#8221; id=&#8221;events&#8221; overlay_strength=&#8221;0.3&#8243; gradient_direction=&#8221;left_to_right&#8221; shape_divider_position=&#8221;bottom&#8221; bg_image_animation=&#8221;none&#8221; shape_type=&#8221;&#8221;][vc_column column_padding=&#8221;no-extra-padding&#8221; column_padding_tablet=&#8221;inherit&#8221; column_padding_phone=&#8221;inherit&#8221; column_padding_position=&#8221;all&#8221; column_element_spacing=&#8221;default&#8221; background_color_opacity=&#8221;1&#8243; background_hover_color_opacity=&#8221;1&#8243; column_shadow=&#8221;none&#8221; column_border_radius=&#8221;none&#8221; column_link_target=&#8221;_self&#8221; gradient_direction=&#8221;left_to_right&#8221; overlay_strength=&#8221;0.3&#8243; width=&#8221;3\/5&#8243; tablet_width_inherit=&#8221;default&#8221; tablet_text_alignment=&#8221;default&#8221; phone_text_alignment=&#8221;default&#8221; bg_image_animation=&#8221;none&#8221; border_type=&#8221;simple&#8221; column_border_width=&#8221;none&#8221; column_border_style=&#8221;solid&#8221;][image_with_animation image_url=&#8221;2399&#8243; animation=&#8221;Fade In&#8221; hover_animation=&#8221;none&#8221; alignment=&#8221;&#8221; border_radius=&#8221;none&#8221; box_shadow=&#8221;none&#8221; image_loading=&#8221;default&#8221; max_width=&#8221;100%&#8221; max_width_mobile=&#8221;default&#8221;][\/vc_column][vc_column column_padding=&#8221;padding-3-percent&#8221; column_padding_tablet=&#8221;inherit&#8221; column_padding_phone=&#8221;inherit&#8221; column_padding_position=&#8221;left-right&#8221; column_element_spacing=&#8221;default&#8221; background_color_opacity=&#8221;1&#8243; background_hover_color_opacity=&#8221;1&#8243; column_shadow=&#8221;none&#8221; column_border_radius=&#8221;none&#8221; column_link_target=&#8221;_self&#8221; gradient_direction=&#8221;left_to_right&#8221; overlay_strength=&#8221;0.3&#8243; width=&#8221;2\/5&#8243; tablet_width_inherit=&#8221;default&#8221; tablet_text_alignment=&#8221;default&#8221; phone_text_alignment=&#8221;default&#8221; bg_image_animation=&#8221;none&#8221; border_type=&#8221;simple&#8221; column_border_width=&#8221;none&#8221; column_border_style=&#8221;solid&#8221;][vc_column_text css_animation=&#8221;none&#8221; max_width=&#8221;550&#8243; css=&#8221;.vc_custom_1634214163815{padding-top: 30px !important;padding-bottom: 20px !important;}&#8221;]\n<h5>ARE YOU PLANNING ANY IMPORTANT CELEBRATION?<\/h5>\n[\/vc_column_text][divider line_type=&#8221;Full Width Line&#8221; line_thickness=&#8221;1&#8243; divider_color=&#8221;extra-color-2&#8243; animate=&#8221;yes&#8221; custom_height=&#8221;10&#8243;][divider line_type=&#8221;No Line&#8221; custom_height=&#8221;10&#8243;][vc_column_text css_animation=&#8221;none&#8221; css=&#8221;.vc_custom_1634214173454{margin-bottom: 20px !important;}&#8221;]\n<h2>Celebrate your event with us<\/h2>\n[\/vc_column_text][vc_column_text css_animation=&#8221;none&#8221; css=&#8221;.vc_custom_1717066492182{padding-bottom: 30px !important;}&#8221;]\n<p class=\"p1\">We have two completely different rooms in Lienzo. One of them has a capacity of 15 diners and it offers views to Pla\u00e7a de Tetuan whereas the other one has a capacity of 30 diners and views to our kitchen and wine cellar. Book your private event with us.<\/p>\n<p><strong>From 6 people they are groups.<\/strong><\/p>\n<p><strong>Book your totally private event with us.<\/strong><\/p>\n<p><strong>Ask for further information about our group menus.<\/strong>[\/vc_column_text][nectar_btn size=&#8221;large&#8221; open_new_tab=&#8221;true&#8221; button_style=&#8221;regular&#8221; button_color_2=&#8221;Extra-Color-1&#8243; solid_text_color_override=&#8221;#ffffff&#8221; icon_family=&#8221;none&#8221; text=&#8221;ASK FOR FURTHER INFORMATION!&#8221; url=&#8221;mailto:info@restaurantelienzo.com&#8221;][\/vc_column][\/vc_row]\n","protected":false},"excerpt":{"rendered":"<p>[vc_row type=&#8221;full_width_background&#8221; full_screen_row_position=&#8221;middle&#8221; column_margin=&#8221;default&#8221; column_direction=&#8221;default&#8221; column_direction_tablet=&#8221;default&#8221; column_direction_phone=&#8221;default&#8221; bg_color=&#8221;rgba(241,226,205,0.37)&#8221; scene_position=&#8221;center&#8221; top_padding=&#8221;10%&#8221; bottom_padding=&#8221;5%&#8221; top_padding_tablet=&#8221;8%&#8221; bottom_padding_tablet=&#8221;5%&#8221; top_padding_phone=&#8221;6%&#8221; bottom_padding_phone=&#8221;3%&#8221; text_color=&#8221;dark&#8221; text_align=&#8221;left&#8221; row_border_radius=&#8221;none&#8221; row_border_radius_applies=&#8221;bg&#8221; id=&#8221;menu&#8221; overlay_strength=&#8221;0.3&#8243; gradient_direction=&#8221;left_to_right&#8221; shape_divider_position=&#8221;bottom&#8221; bg_image_animation=&#8221;none&#8221; shape_type=&#8221;&#8221;][vc_column column_padding=&#8221;no-extra-padding&#8221; column_padding_tablet=&#8221;inherit&#8221; column_padding_phone=&#8221;inherit&#8221; column_padding_position=&#8221;all&#8221; column_element_spacing=&#8221;default&#8221;&#8230;<\/p>\n","protected":false},"author":3,"featured_media":0,"parent":0,"menu_order":0,"comment_status":"closed","ping_status":"closed","template":"","meta":{"footnotes":""},"yoast_head":"<!-- This site is optimized with the Yoast SEO plugin v22.4 - https:\/\/yoast.com\/wordpress\/plugins\/seo\/ -->\n<title>Food menu and events - Lienzo Restaurant<\/title>\n<meta name=\"description\" content=\"Lienzo Valencia Restaurant offers a menu based on local and seasonal produce. Restaurant in the center of Valencia.\" \/>\n<meta name=\"robots\" content=\"index, follow, max-snippet:-1, max-image-preview:large, max-video-preview:-1\" \/>\n<link rel=\"canonical\" href=\"https:\/\/www.restaurantelienzo.com\/carta\/\" \/>\n<meta property=\"og:locale\" content=\"en_US\" \/>\n<meta property=\"og:type\" content=\"article\" \/>\n<meta property=\"og:title\" content=\"Food menu and events - Lienzo Restaurant\" \/>\n<meta property=\"og:description\" content=\"Lienzo Valencia Restaurant offers a menu based on local and seasonal produce. Restaurant in the center of Valencia.\" \/>\n<meta property=\"og:url\" content=\"https:\/\/www.restaurantelienzo.com\/carta\/\" \/>\n<meta property=\"og:site_name\" content=\"Lienzo restaurant in Valencia\" \/>\n<meta property=\"article:publisher\" content=\"https:\/\/www.facebook.com\/restaurante.lienzo?fref=ts\" \/>\n<meta property=\"article:modified_time\" content=\"2026-01-27T21:31:45+00:00\" \/>\n<meta property=\"og:image\" content=\"https:\/\/www.restaurantelienzo.com\/web\/wp-content\/uploads\/2022\/04\/Maria-Jose-Martinez-restaurantelienzo.jpg\" \/>\n\t<meta property=\"og:image:width\" content=\"600\" \/>\n\t<meta property=\"og:image:height\" content=\"900\" \/>\n\t<meta property=\"og:image:type\" content=\"image\/jpeg\" \/>\n<meta name=\"twitter:label1\" content=\"Est. reading time\" \/>\n\t<meta name=\"twitter:data1\" content=\"17 minutes\" \/>\n<script type=\"application\/ld+json\" class=\"yoast-schema-graph\">{\"@context\":\"https:\/\/schema.org\",\"@graph\":[{\"@type\":\"WebPage\",\"@id\":\"https:\/\/www.restaurantelienzo.com\/carta\/\",\"url\":\"https:\/\/www.restaurantelienzo.com\/carta\/\",\"name\":\"Food menu and events - Lienzo Restaurant\",\"isPartOf\":{\"@id\":\"https:\/\/www.restaurantelienzo.com\/#website\"},\"datePublished\":\"2013-05-02T08:50:29+00:00\",\"dateModified\":\"2026-01-27T21:31:45+00:00\",\"description\":\"Lienzo Valencia Restaurant offers a menu based on local and seasonal produce. Restaurant in the center of Valencia.\",\"breadcrumb\":{\"@id\":\"https:\/\/www.restaurantelienzo.com\/carta\/#breadcrumb\"},\"inLanguage\":\"en-US\",\"potentialAction\":[{\"@type\":\"ReadAction\",\"target\":[\"https:\/\/www.restaurantelienzo.com\/carta\/\"]}]},{\"@type\":\"BreadcrumbList\",\"@id\":\"https:\/\/www.restaurantelienzo.com\/carta\/#breadcrumb\",\"itemListElement\":[{\"@type\":\"ListItem\",\"position\":1,\"name\":\"Portada\",\"item\":\"https:\/\/www.restaurantelienzo.com\/en\/\"},{\"@type\":\"ListItem\",\"position\":2,\"name\":\"Food menu\"}]},{\"@type\":\"WebSite\",\"@id\":\"https:\/\/www.restaurantelienzo.com\/#website\",\"url\":\"https:\/\/www.restaurantelienzo.com\/\",\"name\":\"Lienzo restaurant in Valencia\",\"description\":\"Maria Jos\u00e9 Mart\u00ednez en cocina y Juan Jos\u00e9 Soria capitanean el Restaurante Lienzo, cocina mediterr\u00e1nea con ingredientes locales y de temporada. Estrella Michelin 2023\",\"publisher\":{\"@id\":\"https:\/\/www.restaurantelienzo.com\/#organization\"},\"potentialAction\":[{\"@type\":\"SearchAction\",\"target\":{\"@type\":\"EntryPoint\",\"urlTemplate\":\"https:\/\/www.restaurantelienzo.com\/?s={search_term_string}\"},\"query-input\":\"required name=search_term_string\"}],\"inLanguage\":\"en-US\"},{\"@type\":\"Organization\",\"@id\":\"https:\/\/www.restaurantelienzo.com\/#organization\",\"name\":\"Restaurante Lienzo\",\"url\":\"https:\/\/www.restaurantelienzo.com\/\",\"logo\":{\"@type\":\"ImageObject\",\"inLanguage\":\"en-US\",\"@id\":\"https:\/\/www.restaurantelienzo.com\/#\/schema\/logo\/image\/\",\"url\":\"https:\/\/www.restaurantelienzo.com\/web\/wp-content\/uploads\/2022\/11\/lienzo-negro.png\",\"contentUrl\":\"https:\/\/www.restaurantelienzo.com\/web\/wp-content\/uploads\/2022\/11\/lienzo-negro.png\",\"width\":341,\"height\":103,\"caption\":\"Restaurante Lienzo\"},\"image\":{\"@id\":\"https:\/\/www.restaurantelienzo.com\/#\/schema\/logo\/image\/\"},\"sameAs\":[\"https:\/\/www.facebook.com\/restaurante.lienzo?fref=ts\",\"https:\/\/www.instagram.com\/restaurante_lienzo\/?hl=es\"]}]}<\/script>\n<!-- \/ Yoast SEO plugin. -->","yoast_head_json":{"title":"Food menu and events - Lienzo Restaurant","description":"Lienzo Valencia Restaurant offers a menu based on local and seasonal produce. Restaurant in the center of Valencia.","robots":{"index":"index","follow":"follow","max-snippet":"max-snippet:-1","max-image-preview":"max-image-preview:large","max-video-preview":"max-video-preview:-1"},"canonical":"https:\/\/www.restaurantelienzo.com\/carta\/","og_locale":"en_US","og_type":"article","og_title":"Food menu and events - Lienzo Restaurant","og_description":"Lienzo Valencia Restaurant offers a menu based on local and seasonal produce. Restaurant in the center of Valencia.","og_url":"https:\/\/www.restaurantelienzo.com\/carta\/","og_site_name":"Lienzo restaurant in Valencia","article_publisher":"https:\/\/www.facebook.com\/restaurante.lienzo?fref=ts","article_modified_time":"2026-01-27T21:31:45+00:00","og_image":[{"width":600,"height":900,"url":"https:\/\/www.restaurantelienzo.com\/web\/wp-content\/uploads\/2022\/04\/Maria-Jose-Martinez-restaurantelienzo.jpg","type":"image\/jpeg"}],"twitter_misc":{"Est. reading time":"17 minutes"},"schema":{"@context":"https:\/\/schema.org","@graph":[{"@type":"WebPage","@id":"https:\/\/www.restaurantelienzo.com\/carta\/","url":"https:\/\/www.restaurantelienzo.com\/carta\/","name":"Food menu and events - Lienzo Restaurant","isPartOf":{"@id":"https:\/\/www.restaurantelienzo.com\/#website"},"datePublished":"2013-05-02T08:50:29+00:00","dateModified":"2026-01-27T21:31:45+00:00","description":"Lienzo Valencia Restaurant offers a menu based on local and seasonal produce. Restaurant in the center of Valencia.","breadcrumb":{"@id":"https:\/\/www.restaurantelienzo.com\/carta\/#breadcrumb"},"inLanguage":"en-US","potentialAction":[{"@type":"ReadAction","target":["https:\/\/www.restaurantelienzo.com\/carta\/"]}]},{"@type":"BreadcrumbList","@id":"https:\/\/www.restaurantelienzo.com\/carta\/#breadcrumb","itemListElement":[{"@type":"ListItem","position":1,"name":"Portada","item":"https:\/\/www.restaurantelienzo.com\/en\/"},{"@type":"ListItem","position":2,"name":"Food menu"}]},{"@type":"WebSite","@id":"https:\/\/www.restaurantelienzo.com\/#website","url":"https:\/\/www.restaurantelienzo.com\/","name":"Lienzo restaurant in Valencia","description":"Maria Jos\u00e9 Mart\u00ednez en cocina y Juan Jos\u00e9 Soria capitanean el Restaurante Lienzo, cocina mediterr\u00e1nea con ingredientes locales y de temporada. Estrella Michelin 2023","publisher":{"@id":"https:\/\/www.restaurantelienzo.com\/#organization"},"potentialAction":[{"@type":"SearchAction","target":{"@type":"EntryPoint","urlTemplate":"https:\/\/www.restaurantelienzo.com\/?s={search_term_string}"},"query-input":"required name=search_term_string"}],"inLanguage":"en-US"},{"@type":"Organization","@id":"https:\/\/www.restaurantelienzo.com\/#organization","name":"Restaurante Lienzo","url":"https:\/\/www.restaurantelienzo.com\/","logo":{"@type":"ImageObject","inLanguage":"en-US","@id":"https:\/\/www.restaurantelienzo.com\/#\/schema\/logo\/image\/","url":"https:\/\/www.restaurantelienzo.com\/web\/wp-content\/uploads\/2022\/11\/lienzo-negro.png","contentUrl":"https:\/\/www.restaurantelienzo.com\/web\/wp-content\/uploads\/2022\/11\/lienzo-negro.png","width":341,"height":103,"caption":"Restaurante Lienzo"},"image":{"@id":"https:\/\/www.restaurantelienzo.com\/#\/schema\/logo\/image\/"},"sameAs":["https:\/\/www.facebook.com\/restaurante.lienzo?fref=ts","https:\/\/www.instagram.com\/restaurante_lienzo\/?hl=es"]}]}},"_links":{"self":[{"href":"https:\/\/www.restaurantelienzo.com\/en\/wp-json\/wp\/v2\/pages\/2749"}],"collection":[{"href":"https:\/\/www.restaurantelienzo.com\/en\/wp-json\/wp\/v2\/pages"}],"about":[{"href":"https:\/\/www.restaurantelienzo.com\/en\/wp-json\/wp\/v2\/types\/page"}],"author":[{"embeddable":true,"href":"https:\/\/www.restaurantelienzo.com\/en\/wp-json\/wp\/v2\/users\/3"}],"replies":[{"embeddable":true,"href":"https:\/\/www.restaurantelienzo.com\/en\/wp-json\/wp\/v2\/comments?post=2749"}],"version-history":[{"count":94,"href":"https:\/\/www.restaurantelienzo.com\/en\/wp-json\/wp\/v2\/pages\/2749\/revisions"}],"predecessor-version":[{"id":7909,"href":"https:\/\/www.restaurantelienzo.com\/en\/wp-json\/wp\/v2\/pages\/2749\/revisions\/7909"}],"wp:attachment":[{"href":"https:\/\/www.restaurantelienzo.com\/en\/wp-json\/wp\/v2\/media?parent=2749"}],"curies":[{"name":"wp","href":"https:\/\/api.w.org\/{rel}","templated":true}]}}