{"id":4281,"date":"2023-04-05T12:17:09","date_gmt":"2023-04-05T10:17:09","guid":{"rendered":"https:\/\/www.restaurantelienzo.com\/noticias\/"},"modified":"2025-10-28T19:26:36","modified_gmt":"2025-10-28T18:26:36","slug":"noticias","status":"publish","type":"page","link":"https:\/\/www.restaurantelienzo.com\/ca\/noticias\/","title":{"rendered":"Noticias"},"content":{"rendered":"[vc_row type=&#8221;in_container&#8221; full_screen_row_position=&#8221;middle&#8221; column_margin=&#8221;default&#8221; column_direction=&#8221;default&#8221; column_direction_tablet=&#8221;default&#8221; column_direction_phone=&#8221;default&#8221; scene_position=&#8221;center&#8221; top_padding=&#8221;10%&#8221; bottom_padding=&#8221;5%&#8221; text_color=&#8221;dark&#8221; text_align=&#8221;left&#8221; row_border_radius=&#8221;none&#8221; row_border_radius_applies=&#8221;bg&#8221; overlay_strength=&#8221;0.3&#8243; gradient_direction=&#8221;left_to_right&#8221; shape_divider_position=&#8221;bottom&#8221; bg_image_animation=&#8221;none&#8221; shape_type=&#8221;&#8221;][vc_column column_padding=&#8221;no-extra-padding&#8221; column_padding_tablet=&#8221;inherit&#8221; column_padding_phone=&#8221;inherit&#8221; column_padding_position=&#8221;all&#8221; column_element_spacing=&#8221;default&#8221; background_color_opacity=&#8221;1&#8243; background_hover_color_opacity=&#8221;1&#8243; column_shadow=&#8221;none&#8221; column_border_radius=&#8221;none&#8221; column_link_target=&#8221;_self&#8221; gradient_direction=&#8221;left_to_right&#8221; overlay_strength=&#8221;0.3&#8243; width=&#8221;1\/1&#8243; tablet_width_inherit=&#8221;default&#8221; tablet_text_alignment=&#8221;default&#8221; phone_text_alignment=&#8221;default&#8221; bg_image_animation=&#8221;none&#8221; border_type=&#8221;simple&#8221; column_border_width=&#8221;none&#8221; column_border_style=&#8221;solid&#8221;][heading]\n<h1>Blog<\/h1>\n[\/heading][\/vc_column][\/vc_row][vc_row type=&#8221;in_container&#8221; full_screen_row_position=&#8221;middle&#8221; column_margin=&#8221;default&#8221; column_direction=&#8221;default&#8221; column_direction_tablet=&#8221;default&#8221; column_direction_phone=&#8221;default&#8221; scene_position=&#8221;center&#8221; text_color=&#8221;dark&#8221; text_align=&#8221;left&#8221; row_border_radius=&#8221;none&#8221; row_border_radius_applies=&#8221;bg&#8221; overlay_strength=&#8221;0.3&#8243; gradient_direction=&#8221;left_to_right&#8221; shape_divider_position=&#8221;bottom&#8221; bg_image_animation=&#8221;none&#8221;][vc_column column_padding=&#8221;no-extra-padding&#8221; column_padding_tablet=&#8221;inherit&#8221; column_padding_phone=&#8221;inherit&#8221; column_padding_position=&#8221;all&#8221; column_element_spacing=&#8221;default&#8221; background_color_opacity=&#8221;1&#8243; background_hover_color_opacity=&#8221;1&#8243; column_shadow=&#8221;none&#8221; column_border_radius=&#8221;none&#8221; column_link_target=&#8221;_self&#8221; gradient_direction=&#8221;left_to_right&#8221; overlay_strength=&#8221;0.3&#8243; width=&#8221;1\/1&#8243; tablet_width_inherit=&#8221;default&#8221; tablet_text_alignment=&#8221;default&#8221; phone_text_alignment=&#8221;default&#8221; bg_image_animation=&#8221;none&#8221; border_type=&#8221;simple&#8221; column_border_width=&#8221;none&#8221; column_border_style=&#8221;solid&#8221;][nectar_blog layout=&#8221;masonry-blog-fullwidth&#8221; blog_masonry_style=&#8221;inherit&#8221; load_in_animation=&#8221;none&#8221; category=&#8221;all,en-los-medios,noticias,sin-categorizar&#8221; enable_pagination=&#8221;true&#8221; pagination_type=&#8221;infinite_scroll&#8221; order=&#8221;DESC&#8221; orderby=&#8221;date&#8221; blog_remove_post_author=&#8221;true&#8221; posts_per_page=&#8221;20&#8243;][\/vc_column][\/vc_row]\n","protected":false},"excerpt":{"rendered":"<p>[vc_row type=&#8221;in_container&#8221; full_screen_row_position=&#8221;middle&#8221; column_margin=&#8221;default&#8221; column_direction=&#8221;default&#8221; column_direction_tablet=&#8221;default&#8221; column_direction_phone=&#8221;default&#8221; scene_position=&#8221;center&#8221; top_padding=&#8221;10%&#8221; bottom_padding=&#8221;5%&#8221; text_color=&#8221;dark&#8221; text_align=&#8221;left&#8221; row_border_radius=&#8221;none&#8221; row_border_radius_applies=&#8221;bg&#8221; overlay_strength=&#8221;0.3&#8243; gradient_direction=&#8221;left_to_right&#8221; shape_divider_position=&#8221;bottom&#8221; bg_image_animation=&#8221;none&#8221; shape_type=&#8221;&#8221;][vc_column column_padding=&#8221;no-extra-padding&#8221; column_padding_tablet=&#8221;inherit&#8221; column_padding_phone=&#8221;inherit&#8221; column_padding_position=&#8221;all&#8221; column_element_spacing=&#8221;default&#8221; background_color_opacity=&#8221;1&#8243; background_hover_color_opacity=&#8221;1&#8243; column_shadow=&#8221;none&#8221; column_border_radius=&#8221;none&#8221; column_link_target=&#8221;_self&#8221; gradient_direction=&#8221;left_to_right&#8221;&#8230;<\/p>\n","protected":false},"author":3,"featured_media":0,"parent":0,"menu_order":0,"comment_status":"closed","ping_status":"closed","template":"","meta":{"footnotes":""},"yoast_head":"<!-- This site is optimized with the Yoast SEO plugin v22.4 - https:\/\/yoast.com\/wordpress\/plugins\/seo\/ -->\n<title>Noticias - Restaurante Lienzo Valencia \u00b7 Estrella Michelin<\/title>\n<meta name=\"description\" content=\"Maria Jos\u00e9 Mart\u00ednez en cocina y Juan Jos\u00e9 Soria capitanean el Restaurante Lienzo, cocina mediterr\u00e1nea con ingredientes locales y de temporada. Estrella Michelin 2023\" \/>\n<meta name=\"robots\" content=\"index, follow, max-snippet:-1, max-image-preview:large, max-video-preview:-1\" \/>\n<link rel=\"canonical\" href=\"https:\/\/www.restaurantelienzo.com\/ca\/noticias\/\" \/>\n<meta property=\"og:locale\" content=\"ca_ES\" \/>\n<meta property=\"og:type\" content=\"article\" \/>\n<meta property=\"og:title\" content=\"Noticias - Restaurante Lienzo Valencia \u00b7 Estrella Michelin\" \/>\n<meta property=\"og:description\" content=\"Maria Jos\u00e9 Mart\u00ednez en cocina y Juan Jos\u00e9 Soria capitanean el Restaurante Lienzo, cocina mediterr\u00e1nea con ingredientes locales y de temporada. Estrella Michelin 2023\" \/>\n<meta property=\"og:url\" content=\"https:\/\/www.restaurantelienzo.com\/ca\/noticias\/\" \/>\n<meta property=\"og:site_name\" content=\"Restaurante Lienzo Valencia \u00b7 Estrella Michelin\" \/>\n<meta property=\"article:publisher\" content=\"https:\/\/www.facebook.com\/restaurante.lienzo?fref=ts\" \/>\n<meta property=\"article:modified_time\" content=\"2025-10-28T18:26:36+00:00\" \/>\n<meta property=\"og:image\" content=\"https:\/\/www.restaurantelienzo.com\/web\/wp-content\/uploads\/2022\/04\/Maria-Jose-Martinez-restaurantelienzo.jpg\" \/>\n\t<meta property=\"og:image:width\" content=\"600\" \/>\n\t<meta property=\"og:image:height\" content=\"900\" \/>\n\t<meta property=\"og:image:type\" content=\"image\/jpeg\" \/>\n<script type=\"application\/ld+json\" class=\"yoast-schema-graph\">{\"@context\":\"https:\/\/schema.org\",\"@graph\":[{\"@type\":\"WebPage\",\"@id\":\"https:\/\/www.restaurantelienzo.com\/ca\/noticias\/\",\"url\":\"https:\/\/www.restaurantelienzo.com\/ca\/noticias\/\",\"name\":\"Noticias - Restaurante Lienzo Valencia \u00b7 Estrella Michelin\",\"isPartOf\":{\"@id\":\"https:\/\/www.restaurantelienzo.com\/#website\"},\"datePublished\":\"2023-04-05T10:17:09+00:00\",\"dateModified\":\"2025-10-28T18:26:36+00:00\",\"description\":\"Maria Jos\u00e9 Mart\u00ednez en cocina y Juan Jos\u00e9 Soria capitanean el Restaurante Lienzo, cocina mediterr\u00e1nea con ingredientes locales y de temporada. Estrella Michelin 2023\",\"breadcrumb\":{\"@id\":\"https:\/\/www.restaurantelienzo.com\/ca\/noticias\/#breadcrumb\"},\"inLanguage\":\"ca\",\"potentialAction\":[{\"@type\":\"ReadAction\",\"target\":[\"https:\/\/www.restaurantelienzo.com\/ca\/noticias\/\"]}]},{\"@type\":\"BreadcrumbList\",\"@id\":\"https:\/\/www.restaurantelienzo.com\/ca\/noticias\/#breadcrumb\",\"itemListElement\":[{\"@type\":\"ListItem\",\"position\":1,\"name\":\"Portada\",\"item\":\"https:\/\/www.restaurantelienzo.com\/ca\/\"},{\"@type\":\"ListItem\",\"position\":2,\"name\":\"Noticias\"}]},{\"@type\":\"WebSite\",\"@id\":\"https:\/\/www.restaurantelienzo.com\/#website\",\"url\":\"https:\/\/www.restaurantelienzo.com\/\",\"name\":\"Restaurante Lienzo Valencia \u00b7 Estrella Michelin\",\"description\":\"Maria Jos\u00e9 Mart\u00ednez en cocina y Juan Jos\u00e9 Soria capitanean el Restaurante Lienzo, cocina mediterr\u00e1nea con ingredientes locales y de temporada. Estrella Michelin 2023\",\"publisher\":{\"@id\":\"https:\/\/www.restaurantelienzo.com\/#organization\"},\"potentialAction\":[{\"@type\":\"SearchAction\",\"target\":{\"@type\":\"EntryPoint\",\"urlTemplate\":\"https:\/\/www.restaurantelienzo.com\/?s={search_term_string}\"},\"query-input\":\"required name=search_term_string\"}],\"inLanguage\":\"ca\"},{\"@type\":\"Organization\",\"@id\":\"https:\/\/www.restaurantelienzo.com\/#organization\",\"name\":\"Restaurante Lienzo\",\"url\":\"https:\/\/www.restaurantelienzo.com\/\",\"logo\":{\"@type\":\"ImageObject\",\"inLanguage\":\"ca\",\"@id\":\"https:\/\/www.restaurantelienzo.com\/#\/schema\/logo\/image\/\",\"url\":\"https:\/\/www.restaurantelienzo.com\/web\/wp-content\/uploads\/2022\/11\/lienzo-negro.png\",\"contentUrl\":\"https:\/\/www.restaurantelienzo.com\/web\/wp-content\/uploads\/2022\/11\/lienzo-negro.png\",\"width\":341,\"height\":103,\"caption\":\"Restaurante Lienzo\"},\"image\":{\"@id\":\"https:\/\/www.restaurantelienzo.com\/#\/schema\/logo\/image\/\"},\"sameAs\":[\"https:\/\/www.facebook.com\/restaurante.lienzo?fref=ts\",\"https:\/\/www.instagram.com\/restaurante_lienzo\/?hl=es\"]}]}<\/script>\n<!-- \/ Yoast SEO plugin. -->","yoast_head_json":{"title":"Noticias - Restaurante Lienzo Valencia \u00b7 Estrella Michelin","description":"Maria Jos\u00e9 Mart\u00ednez en cocina y Juan Jos\u00e9 Soria capitanean el Restaurante Lienzo, cocina mediterr\u00e1nea con ingredientes locales y de temporada. Estrella Michelin 2023","robots":{"index":"index","follow":"follow","max-snippet":"max-snippet:-1","max-image-preview":"max-image-preview:large","max-video-preview":"max-video-preview:-1"},"canonical":"https:\/\/www.restaurantelienzo.com\/ca\/noticias\/","og_locale":"ca_ES","og_type":"article","og_title":"Noticias - Restaurante Lienzo Valencia \u00b7 Estrella Michelin","og_description":"Maria Jos\u00e9 Mart\u00ednez en cocina y Juan Jos\u00e9 Soria capitanean el Restaurante Lienzo, cocina mediterr\u00e1nea con ingredientes locales y de temporada. Estrella Michelin 2023","og_url":"https:\/\/www.restaurantelienzo.com\/ca\/noticias\/","og_site_name":"Restaurante Lienzo Valencia \u00b7 Estrella Michelin","article_publisher":"https:\/\/www.facebook.com\/restaurante.lienzo?fref=ts","article_modified_time":"2025-10-28T18:26:36+00:00","og_image":[{"width":600,"height":900,"url":"https:\/\/www.restaurantelienzo.com\/web\/wp-content\/uploads\/2022\/04\/Maria-Jose-Martinez-restaurantelienzo.jpg","type":"image\/jpeg"}],"schema":{"@context":"https:\/\/schema.org","@graph":[{"@type":"WebPage","@id":"https:\/\/www.restaurantelienzo.com\/ca\/noticias\/","url":"https:\/\/www.restaurantelienzo.com\/ca\/noticias\/","name":"Noticias - Restaurante Lienzo Valencia \u00b7 Estrella Michelin","isPartOf":{"@id":"https:\/\/www.restaurantelienzo.com\/#website"},"datePublished":"2023-04-05T10:17:09+00:00","dateModified":"2025-10-28T18:26:36+00:00","description":"Maria Jos\u00e9 Mart\u00ednez en cocina y Juan Jos\u00e9 Soria capitanean el Restaurante Lienzo, cocina mediterr\u00e1nea con ingredientes locales y de temporada. Estrella Michelin 2023","breadcrumb":{"@id":"https:\/\/www.restaurantelienzo.com\/ca\/noticias\/#breadcrumb"},"inLanguage":"ca","potentialAction":[{"@type":"ReadAction","target":["https:\/\/www.restaurantelienzo.com\/ca\/noticias\/"]}]},{"@type":"BreadcrumbList","@id":"https:\/\/www.restaurantelienzo.com\/ca\/noticias\/#breadcrumb","itemListElement":[{"@type":"ListItem","position":1,"name":"Portada","item":"https:\/\/www.restaurantelienzo.com\/ca\/"},{"@type":"ListItem","position":2,"name":"Noticias"}]},{"@type":"WebSite","@id":"https:\/\/www.restaurantelienzo.com\/#website","url":"https:\/\/www.restaurantelienzo.com\/","name":"Restaurante Lienzo Valencia \u00b7 Estrella Michelin","description":"Maria Jos\u00e9 Mart\u00ednez en cocina y Juan Jos\u00e9 Soria capitanean el Restaurante Lienzo, cocina mediterr\u00e1nea con ingredientes locales y de temporada. Estrella Michelin 2023","publisher":{"@id":"https:\/\/www.restaurantelienzo.com\/#organization"},"potentialAction":[{"@type":"SearchAction","target":{"@type":"EntryPoint","urlTemplate":"https:\/\/www.restaurantelienzo.com\/?s={search_term_string}"},"query-input":"required name=search_term_string"}],"inLanguage":"ca"},{"@type":"Organization","@id":"https:\/\/www.restaurantelienzo.com\/#organization","name":"Restaurante Lienzo","url":"https:\/\/www.restaurantelienzo.com\/","logo":{"@type":"ImageObject","inLanguage":"ca","@id":"https:\/\/www.restaurantelienzo.com\/#\/schema\/logo\/image\/","url":"https:\/\/www.restaurantelienzo.com\/web\/wp-content\/uploads\/2022\/11\/lienzo-negro.png","contentUrl":"https:\/\/www.restaurantelienzo.com\/web\/wp-content\/uploads\/2022\/11\/lienzo-negro.png","width":341,"height":103,"caption":"Restaurante Lienzo"},"image":{"@id":"https:\/\/www.restaurantelienzo.com\/#\/schema\/logo\/image\/"},"sameAs":["https:\/\/www.facebook.com\/restaurante.lienzo?fref=ts","https:\/\/www.instagram.com\/restaurante_lienzo\/?hl=es"]}]}},"_links":{"self":[{"href":"https:\/\/www.restaurantelienzo.com\/ca\/wp-json\/wp\/v2\/pages\/4281"}],"collection":[{"href":"https:\/\/www.restaurantelienzo.com\/ca\/wp-json\/wp\/v2\/pages"}],"about":[{"href":"https:\/\/www.restaurantelienzo.com\/ca\/wp-json\/wp\/v2\/types\/page"}],"author":[{"embeddable":true,"href":"https:\/\/www.restaurantelienzo.com\/ca\/wp-json\/wp\/v2\/users\/3"}],"replies":[{"embeddable":true,"href":"https:\/\/www.restaurantelienzo.com\/ca\/wp-json\/wp\/v2\/comments?post=4281"}],"version-history":[{"count":3,"href":"https:\/\/www.restaurantelienzo.com\/ca\/wp-json\/wp\/v2\/pages\/4281\/revisions"}],"predecessor-version":[{"id":7700,"href":"https:\/\/www.restaurantelienzo.com\/ca\/wp-json\/wp\/v2\/pages\/4281\/revisions\/7700"}],"wp:attachment":[{"href":"https:\/\/www.restaurantelienzo.com\/ca\/wp-json\/wp\/v2\/media?parent=4281"}],"curies":[{"name":"wp","href":"https:\/\/api.w.org\/{rel}","templated":true}]}}