{"id":2826,"date":"2013-05-06T07:13:53","date_gmt":"2013-05-06T05:13:53","guid":{"rendered":"https:\/\/www.restaurantelienzo.com\/contacto\/"},"modified":"2025-01-06T11:28:38","modified_gmt":"2025-01-06T10:28:38","slug":"contacte","status":"publish","type":"page","link":"https:\/\/www.restaurantelienzo.com\/ca\/contacte\/","title":{"rendered":"Contacte"},"content":{"rendered":"[vc_row type=&#8221;full_width_background&#8221; full_screen_row_position=&#8221;middle&#8221; column_margin=&#8221;default&#8221; column_direction=&#8221;default&#8221; column_direction_tablet=&#8221;default&#8221; column_direction_phone=&#8221;default&#8221; bg_color=&#8221;rgba(241,226,205,0.37)&#8221; scene_position=&#8221;center&#8221; text_color=&#8221;dark&#8221; text_align=&#8221;left&#8221; row_border_radius=&#8221;none&#8221; row_border_radius_applies=&#8221;bg&#8221; overlay_strength=&#8221;0.3&#8243; gradient_direction=&#8221;left_to_right&#8221; shape_divider_position=&#8221;bottom&#8221; bg_image_animation=&#8221;none&#8221; shape_type=&#8221;&#8221;][vc_column column_padding=&#8221;no-extra-padding&#8221; column_padding_tablet=&#8221;inherit&#8221; column_padding_phone=&#8221;inherit&#8221; column_padding_position=&#8221;all&#8221; top_margin=&#8221;100&#8243; top_margin_tablet=&#8221;60&#8243; top_margin_phone=&#8221;0&#8243; column_element_spacing=&#8221;default&#8221; centered_text=&#8221;true&#8221; background_color_opacity=&#8221;1&#8243; background_hover_color_opacity=&#8221;1&#8243; column_shadow=&#8221;none&#8221; column_border_radius=&#8221;none&#8221; column_link_target=&#8221;_self&#8221; gradient_direction=&#8221;left_to_right&#8221; overlay_strength=&#8221;0.3&#8243; width=&#8221;1\/1&#8243; tablet_width_inherit=&#8221;default&#8221; tablet_text_alignment=&#8221;default&#8221; phone_text_alignment=&#8221;default&#8221; bg_image_animation=&#8221;none&#8221; border_type=&#8221;simple&#8221; column_border_width=&#8221;none&#8221; column_border_style=&#8221;solid&#8221;][vc_column_text css_animation=&#8221;none&#8221; max_width=&#8221;550&#8243; css=&#8221;.vc_custom_1634545535695{padding-top: 60px !important;padding-bottom: 20px !important;}&#8221;]\n<h5>SEGUEIX ELS NOSTRES PASSOS<\/h5>\n[\/vc_column_text][divider line_type=&#8221;Full Width Line&#8221; line_thickness=&#8221;1&#8243; divider_color=&#8221;extra-color-2&#8243; animate=&#8221;yes&#8221; custom_height=&#8221;10&#8243;][divider line_type=&#8221;No Line&#8221; custom_height=&#8221;10&#8243;][vc_column_text css_animation=&#8221;none&#8221;]\n<h2>Dades de contacte<\/h2>\n[\/vc_column_text][\/vc_column][\/vc_row][vc_row type=&#8221;full_width_background&#8221; full_screen_row_position=&#8221;middle&#8221; column_margin=&#8221;default&#8221; equal_height=&#8221;yes&#8221; content_placement=&#8221;middle&#8221; column_direction=&#8221;default&#8221; column_direction_tablet=&#8221;default&#8221; column_direction_phone=&#8221;default&#8221; bg_color=&#8221;rgba(241,226,205,0.37)&#8221; scene_position=&#8221;center&#8221; top_padding=&#8221;3%&#8221; top_padding_tablet=&#8221;0%&#8221; top_padding_phone=&#8221;0%&#8221; text_color=&#8221;dark&#8221; text_align=&#8221;left&#8221; row_border_radius=&#8221;none&#8221; row_border_radius_applies=&#8221;bg&#8221; overlay_strength=&#8221;0.3&#8243; gradient_direction=&#8221;left_to_right&#8221; shape_divider_position=&#8221;bottom&#8221; bg_image_animation=&#8221;none&#8221; shape_type=&#8221;&#8221;][vc_column column_padding=&#8221;no-extra-padding&#8221; column_padding_tablet=&#8221;inherit&#8221; column_padding_phone=&#8221;inherit&#8221; column_padding_position=&#8221;all&#8221; column_element_spacing=&#8221;default&#8221; background_color_opacity=&#8221;1&#8243; background_hover_color_opacity=&#8221;1&#8243; column_shadow=&#8221;none&#8221; column_border_radius=&#8221;none&#8221; column_link_target=&#8221;_self&#8221; gradient_direction=&#8221;left_to_right&#8221; overlay_strength=&#8221;0.3&#8243; width=&#8221;1\/1&#8243; tablet_width_inherit=&#8221;default&#8221; tablet_text_alignment=&#8221;default&#8221; phone_text_alignment=&#8221;default&#8221; bg_image_animation=&#8221;none&#8221; border_type=&#8221;simple&#8221; column_border_width=&#8221;none&#8221; column_border_style=&#8221;solid&#8221;][vc_row_inner column_margin=&#8221;default&#8221; column_direction=&#8221;default&#8221; column_direction_tablet=&#8221;default&#8221; column_direction_phone=&#8221;default&#8221; text_align=&#8221;left&#8221;][vc_column_inner column_padding=&#8221;no-extra-padding&#8221; column_padding_tablet=&#8221;inherit&#8221; column_padding_phone=&#8221;inherit&#8221; column_padding_position=&#8221;all&#8221; column_element_spacing=&#8221;default&#8221; background_color_opacity=&#8221;1&#8243; background_hover_color_opacity=&#8221;1&#8243; column_shadow=&#8221;none&#8221; column_border_radius=&#8221;none&#8221; column_link_target=&#8221;_self&#8221; gradient_direction=&#8221;left_to_right&#8221; overlay_strength=&#8221;0.3&#8243; width=&#8221;1\/3&#8243; tablet_width_inherit=&#8221;default&#8221; bg_image_animation=&#8221;none&#8221; border_type=&#8221;simple&#8221; column_border_width=&#8221;none&#8221; column_border_style=&#8221;solid&#8221;][fancy_box box_style=&#8221;color_box_hover&#8221; icon_family=&#8221;iconsmind&#8221; color=&#8221;extra-color-1&#8243; color_box_hover_overlay_opacity=&#8221;default&#8221; box_alignment=&#8221;left&#8221; border_radius=&#8221;default&#8221; image_loading=&#8221;default&#8221; min_height=&#8221;200&#8243; icon_iconsmind=&#8221;iconsmind-Clock-Forward&#8221; min_height_tablet=&#8221;0&#8243; min_height_phone=&#8221;0&#8243;]\n<h3>Horari<\/h3>\n<p><strong>Horari de cuina:<\/strong><br \/>\ndimecres a diumenge de 13.45 a 14.30 h.<br \/>\ndimecres a dissabte de 20.30 a 21.30 h.<br \/>\ndiumenge de 13.45 a 14.30 h.[\/fancy_box][nectar_btn size=&#8221;large&#8221; button_style=&#8221;regular&#8221; button_color_2=&#8221;Extra-Color-1&#8243; icon_family=&#8221;default_arrow&#8221; el_class=&#8221;horarios-val&#8221; url=&#8221;#&#8221; text=&#8221;Horari Tancament de Local&#8221; margin_top=&#8221;30&#8243;][\/vc_column_inner][vc_column_inner column_padding=&#8221;no-extra-padding&#8221; column_padding_tablet=&#8221;inherit&#8221; column_padding_phone=&#8221;inherit&#8221; column_padding_position=&#8221;all&#8221; column_element_spacing=&#8221;default&#8221; background_color_opacity=&#8221;1&#8243; background_hover_color_opacity=&#8221;1&#8243; column_shadow=&#8221;none&#8221; column_border_radius=&#8221;none&#8221; column_link_target=&#8221;_self&#8221; gradient_direction=&#8221;left_to_right&#8221; overlay_strength=&#8221;0.3&#8243; width=&#8221;1\/3&#8243; tablet_width_inherit=&#8221;default&#8221; bg_image_animation=&#8221;none&#8221; border_type=&#8221;simple&#8221; column_border_width=&#8221;none&#8221; column_border_style=&#8221;solid&#8221;][fancy_box box_style=&#8221;color_box_hover&#8221; icon_family=&#8221;iconsmind&#8221; color=&#8221;extra-color-1&#8243; color_box_hover_overlay_opacity=&#8221;default&#8221; box_alignment=&#8221;left&#8221; border_radius=&#8221;default&#8221; image_loading=&#8221;default&#8221; min_height=&#8221;200&#8243; icon_iconsmind=&#8221;iconsmind-Telephone&#8221; min_height_tablet=&#8221;0&#8243; min_height_phone=&#8221;0&#8243;]\n<h3>Contacte<\/h3>\n<p><strong>Tel\u00e8fon:<\/strong>\u00a0<a href=\"tel:+34963521081\" target=\"_blank\" rel=\"noopener noreferrer\">96 352 10 81<\/a><\/p>\n<p>En horari de dimecres a diumenge de 10.30 a 13.45<br \/>\ny de dimecres a dissabte de 20.00 a 20.30<\/p>\n<p><strong>Correu <\/strong><strong>electr\u00f2nic:<\/strong> <a href=\"mailto:info@restaurantelienzo.com\">info@restaurantelienzo.com<\/a>[\/fancy_box][\/vc_column_inner][vc_column_inner column_padding=&#8221;no-extra-padding&#8221; column_padding_tablet=&#8221;inherit&#8221; column_padding_phone=&#8221;inherit&#8221; column_padding_position=&#8221;all&#8221; column_element_spacing=&#8221;default&#8221; background_color_opacity=&#8221;1&#8243; background_hover_color_opacity=&#8221;1&#8243; column_shadow=&#8221;none&#8221; column_border_radius=&#8221;none&#8221; column_link_target=&#8221;_self&#8221; gradient_direction=&#8221;left_to_right&#8221; overlay_strength=&#8221;0.3&#8243; width=&#8221;1\/3&#8243; tablet_width_inherit=&#8221;default&#8221; bg_image_animation=&#8221;none&#8221; border_type=&#8221;simple&#8221; column_border_width=&#8221;none&#8221; column_border_style=&#8221;solid&#8221;][fancy_box box_style=&#8221;color_box_hover&#8221; icon_family=&#8221;iconsmind&#8221; color=&#8221;extra-color-1&#8243; color_box_hover_overlay_opacity=&#8221;default&#8221; box_alignment=&#8221;left&#8221; border_radius=&#8221;default&#8221; image_loading=&#8221;default&#8221; min_height=&#8221;200&#8243; icon_iconsmind=&#8221;iconsmind-Location-2&#8243; min_height_tablet=&#8221;0&#8243; min_height_phone=&#8221;0&#8243;]\n<h3>On estem<\/h3>\n<p>Pla\u00e7a de Tetuan, 18, Bajo dcha, 46003 Valencia[\/fancy_box][\/vc_column_inner][\/vc_row_inner][\/vc_column][\/vc_row][vc_row type=&#8221;full_width_background&#8221; full_screen_row_position=&#8221;middle&#8221; column_margin=&#8221;default&#8221; column_direction=&#8221;default&#8221; column_direction_tablet=&#8221;default&#8221; column_direction_phone=&#8221;default&#8221; bg_color=&#8221;rgba(241,226,205,0.37)&#8221; scene_position=&#8221;center&#8221; bottom_padding=&#8221;60&#8243; text_color=&#8221;dark&#8221; text_align=&#8221;left&#8221; row_border_radius=&#8221;none&#8221; row_border_radius_applies=&#8221;bg&#8221; overlay_strength=&#8221;0.3&#8243; gradient_direction=&#8221;left_to_right&#8221; shape_divider_position=&#8221;bottom&#8221; bg_image_animation=&#8221;none&#8221; shape_type=&#8221;&#8221;][vc_column column_padding=&#8221;no-extra-padding&#8221; column_padding_tablet=&#8221;inherit&#8221; column_padding_phone=&#8221;inherit&#8221; column_padding_position=&#8221;right&#8221; column_element_spacing=&#8221;default&#8221; centered_text=&#8221;true&#8221; background_color_opacity=&#8221;1&#8243; background_hover_color_opacity=&#8221;1&#8243; column_shadow=&#8221;none&#8221; column_border_radius=&#8221;none&#8221; column_link_target=&#8221;_self&#8221; gradient_direction=&#8221;left_to_right&#8221; overlay_strength=&#8221;0.3&#8243; width=&#8221;1\/1&#8243; tablet_width_inherit=&#8221;default&#8221; tablet_text_alignment=&#8221;default&#8221; phone_text_alignment=&#8221;default&#8221; bg_image_animation=&#8221;none&#8221; border_type=&#8221;simple&#8221; column_border_width=&#8221;none&#8221; column_border_style=&#8221;solid&#8221;][divider line_type=&#8221;No Line&#8221; custom_height=&#8221;30&#8243;][vc_column_text]\n<h3>Vols reservar una taula?<\/h3>\n[\/vc_column_text][nectar_btn size=&#8221;large&#8221; button_style=&#8221;regular&#8221; button_color_2=&#8221;Extra-Color-1&#8243; icon_family=&#8221;default_arrow&#8221; url=&#8221;http:\/\/www.restaurantelienzo.com\/ca\/reserves\/&#8221; text=&#8221;FER UNA RESERVA&#8221; margin_top=&#8221;30&#8243;][\/vc_column][\/vc_row][vc_row type=&#8221;full_width_content&#8221; full_screen_row_position=&#8221;middle&#8221; column_margin=&#8221;default&#8221; column_direction=&#8221;default&#8221; column_direction_tablet=&#8221;default&#8221; column_direction_phone=&#8221;default&#8221; scene_position=&#8221;center&#8221; text_color=&#8221;dark&#8221; text_align=&#8221;left&#8221; row_border_radius=&#8221;none&#8221; row_border_radius_applies=&#8221;bg&#8221; overlay_strength=&#8221;0.3&#8243; gradient_direction=&#8221;left_to_right&#8221; shape_divider_position=&#8221;bottom&#8221; bg_image_animation=&#8221;none&#8221; shape_type=&#8221;&#8221;][vc_column column_padding=&#8221;no-extra-padding&#8221; column_padding_tablet=&#8221;inherit&#8221; column_padding_phone=&#8221;inherit&#8221; column_padding_position=&#8221;all&#8221; column_element_spacing=&#8221;default&#8221; background_color_opacity=&#8221;1&#8243; background_hover_color_opacity=&#8221;1&#8243; column_shadow=&#8221;none&#8221; column_border_radius=&#8221;none&#8221; column_link_target=&#8221;_self&#8221; gradient_direction=&#8221;left_to_right&#8221; overlay_strength=&#8221;0.3&#8243; width=&#8221;1\/1&#8243; tablet_width_inherit=&#8221;default&#8221; tablet_text_alignment=&#8221;default&#8221; phone_text_alignment=&#8221;default&#8221; bg_image_animation=&#8221;none&#8221; border_type=&#8221;simple&#8221; column_border_width=&#8221;none&#8221; column_border_style=&#8221;solid&#8221;][vc_raw_html]JTNDaWZyYW1lJTIwc3JjJTNEJTIyaHR0cHMlM0ElMkYlMkZ3d3cuZ29vZ2xlLmNvbSUyRm1hcHMlMkZlbWJlZCUzRnBiJTNEJTIxMW0xOCUyMTFtMTIlMjExbTMlMjExZDMwNzkuNzUyOTQ5MTM5NTc1MyUyMTJkLTAuMzcxNjg5Nzg0NjMyNTA1OTYlMjEzZDM5LjQ3NDkwOTU3OTQ4NTY0JTIxMm0zJTIxMWYwJTIxMmYwJTIxM2YwJTIxM20yJTIxMWkxMDI0JTIxMmk3NjglMjE0ZjEzLjElMjEzbTMlMjExbTIlMjExczB4ZDYwNDhiMWZhOGM0ZGNmJTI1M0EweDQwOTg0YjFkYjZlMzY2MjQlMjEyc1Jlc3RhdXJhbnRlJTI1MjBMSUVOWk8lMjUyMFZBTEVOQ0lBJTIxNWUwJTIxM20yJTIxMXNlcyUyMTJzZXMlMjE0djE2MzEyNzAwOTMzMTAlMjE1bTIlMjExc2VzJTIxMnNlcyUyMiUyMHdpZHRoJTNEJTIyMTAwJTI1JTIyJTIwaGVpZ2h0JTNEJTIyNDUwJTIyJTIwc3R5bGUlM0QlMjJib3JkZXIlM0EwJTNCJTIyJTIwYWxsb3dmdWxsc2NyZWVuJTNEJTIyJTIyJTIwbG9hZGluZyUzRCUyMmxhenklMjIlM0UlM0MlMkZpZnJhbWUlM0U=[\/vc_raw_html][\/vc_column][\/vc_row]\n","protected":false},"excerpt":{"rendered":"<p>[vc_row type=&#8221;full_width_background&#8221; full_screen_row_position=&#8221;middle&#8221; column_margin=&#8221;default&#8221; column_direction=&#8221;default&#8221; column_direction_tablet=&#8221;default&#8221; column_direction_phone=&#8221;default&#8221; bg_color=&#8221;rgba(241,226,205,0.37)&#8221; scene_position=&#8221;center&#8221; text_color=&#8221;dark&#8221; text_align=&#8221;left&#8221; row_border_radius=&#8221;none&#8221; row_border_radius_applies=&#8221;bg&#8221; overlay_strength=&#8221;0.3&#8243; gradient_direction=&#8221;left_to_right&#8221; shape_divider_position=&#8221;bottom&#8221; bg_image_animation=&#8221;none&#8221; shape_type=&#8221;&#8221;][vc_column column_padding=&#8221;no-extra-padding&#8221; column_padding_tablet=&#8221;inherit&#8221; column_padding_phone=&#8221;inherit&#8221; column_padding_position=&#8221;all&#8221; top_margin=&#8221;100&#8243; top_margin_tablet=&#8221;60&#8243; top_margin_phone=&#8221;0&#8243; column_element_spacing=&#8221;default&#8221; centered_text=&#8221;true&#8221; background_color_opacity=&#8221;1&#8243; background_hover_color_opacity=&#8221;1&#8243; column_shadow=&#8221;none&#8221;&#8230;<\/p>\n","protected":false},"author":3,"featured_media":0,"parent":0,"menu_order":0,"comment_status":"closed","ping_status":"closed","template":"","meta":{"footnotes":""},"yoast_head":"<!-- This site is optimized with the Yoast SEO plugin v22.4 - https:\/\/yoast.com\/wordpress\/plugins\/seo\/ -->\n<title>Contacte - Restaurante Lienzo<\/title>\n<meta name=\"description\" content=\"Poseu-vos en contacte amb Restaurante Lienzo i realitzeu la vostra reserva. Truqueu-nos al +34 963 521 081 o consulteu la nostra disponibilitat aqui.\" \/>\n<meta name=\"robots\" content=\"index, follow, max-snippet:-1, max-image-preview:large, max-video-preview:-1\" \/>\n<link rel=\"canonical\" href=\"https:\/\/www.restaurantelienzo.com\/contacto\/\" \/>\n<meta property=\"og:locale\" content=\"ca_ES\" \/>\n<meta property=\"og:type\" content=\"article\" \/>\n<meta property=\"og:title\" content=\"Contacte - Restaurante Lienzo\" \/>\n<meta property=\"og:description\" content=\"Poseu-vos en contacte amb Restaurante Lienzo i realitzeu la vostra reserva. Truqueu-nos al +34 963 521 081 o consulteu la nostra disponibilitat aqui.\" \/>\n<meta property=\"og:url\" content=\"https:\/\/www.restaurantelienzo.com\/contacto\/\" \/>\n<meta property=\"og:site_name\" content=\"Restaurante Lienzo Valencia \u00b7 Estrella Michelin\" \/>\n<meta property=\"article:publisher\" content=\"https:\/\/www.facebook.com\/restaurante.lienzo?fref=ts\" \/>\n<meta property=\"article:modified_time\" content=\"2025-01-06T10:28:38+00:00\" \/>\n<meta property=\"og:image\" content=\"https:\/\/www.restaurantelienzo.com\/web\/wp-content\/uploads\/2022\/04\/Maria-Jose-Martinez-restaurantelienzo.jpg\" \/>\n\t<meta property=\"og:image:width\" content=\"600\" \/>\n\t<meta property=\"og:image:height\" content=\"900\" \/>\n\t<meta property=\"og:image:type\" content=\"image\/jpeg\" \/>\n<meta name=\"twitter:label1\" content=\"Est. reading time\" \/>\n\t<meta name=\"twitter:data1\" content=\"2 minutes\" \/>\n<script type=\"application\/ld+json\" class=\"yoast-schema-graph\">{\"@context\":\"https:\/\/schema.org\",\"@graph\":[{\"@type\":\"WebPage\",\"@id\":\"https:\/\/www.restaurantelienzo.com\/contacto\/\",\"url\":\"https:\/\/www.restaurantelienzo.com\/contacto\/\",\"name\":\"Contacte - Restaurante Lienzo\",\"isPartOf\":{\"@id\":\"https:\/\/www.restaurantelienzo.com\/#website\"},\"datePublished\":\"2013-05-06T05:13:53+00:00\",\"dateModified\":\"2025-01-06T10:28:38+00:00\",\"description\":\"Poseu-vos en contacte amb Restaurante Lienzo i realitzeu la vostra reserva. Truqueu-nos al +34 963 521 081 o consulteu la nostra disponibilitat aqui.\",\"breadcrumb\":{\"@id\":\"https:\/\/www.restaurantelienzo.com\/contacto\/#breadcrumb\"},\"inLanguage\":\"ca\",\"potentialAction\":[{\"@type\":\"ReadAction\",\"target\":[\"https:\/\/www.restaurantelienzo.com\/contacto\/\"]}]},{\"@type\":\"BreadcrumbList\",\"@id\":\"https:\/\/www.restaurantelienzo.com\/contacto\/#breadcrumb\",\"itemListElement\":[{\"@type\":\"ListItem\",\"position\":1,\"name\":\"Portada\",\"item\":\"https:\/\/www.restaurantelienzo.com\/ca\/\"},{\"@type\":\"ListItem\",\"position\":2,\"name\":\"Contacte\"}]},{\"@type\":\"WebSite\",\"@id\":\"https:\/\/www.restaurantelienzo.com\/#website\",\"url\":\"https:\/\/www.restaurantelienzo.com\/\",\"name\":\"Restaurante Lienzo Valencia \u00b7 Estrella Michelin\",\"description\":\"Maria Jos\u00e9 Mart\u00ednez en cocina y Juan Jos\u00e9 Soria capitanean el Restaurante Lienzo, cocina mediterr\u00e1nea con ingredientes locales y de temporada. Estrella Michelin 2023\",\"publisher\":{\"@id\":\"https:\/\/www.restaurantelienzo.com\/#organization\"},\"potentialAction\":[{\"@type\":\"SearchAction\",\"target\":{\"@type\":\"EntryPoint\",\"urlTemplate\":\"https:\/\/www.restaurantelienzo.com\/?s={search_term_string}\"},\"query-input\":\"required name=search_term_string\"}],\"inLanguage\":\"ca\"},{\"@type\":\"Organization\",\"@id\":\"https:\/\/www.restaurantelienzo.com\/#organization\",\"name\":\"Restaurante Lienzo\",\"url\":\"https:\/\/www.restaurantelienzo.com\/\",\"logo\":{\"@type\":\"ImageObject\",\"inLanguage\":\"ca\",\"@id\":\"https:\/\/www.restaurantelienzo.com\/#\/schema\/logo\/image\/\",\"url\":\"https:\/\/www.restaurantelienzo.com\/web\/wp-content\/uploads\/2022\/11\/lienzo-negro.png\",\"contentUrl\":\"https:\/\/www.restaurantelienzo.com\/web\/wp-content\/uploads\/2022\/11\/lienzo-negro.png\",\"width\":341,\"height\":103,\"caption\":\"Restaurante Lienzo\"},\"image\":{\"@id\":\"https:\/\/www.restaurantelienzo.com\/#\/schema\/logo\/image\/\"},\"sameAs\":[\"https:\/\/www.facebook.com\/restaurante.lienzo?fref=ts\",\"https:\/\/www.instagram.com\/restaurante_lienzo\/?hl=es\"]}]}<\/script>\n<!-- \/ Yoast SEO plugin. -->","yoast_head_json":{"title":"Contacte - Restaurante Lienzo","description":"Poseu-vos en contacte amb Restaurante Lienzo i realitzeu la vostra reserva. Truqueu-nos al +34 963 521 081 o consulteu la nostra disponibilitat aqui.","robots":{"index":"index","follow":"follow","max-snippet":"max-snippet:-1","max-image-preview":"max-image-preview:large","max-video-preview":"max-video-preview:-1"},"canonical":"https:\/\/www.restaurantelienzo.com\/contacto\/","og_locale":"ca_ES","og_type":"article","og_title":"Contacte - Restaurante Lienzo","og_description":"Poseu-vos en contacte amb Restaurante Lienzo i realitzeu la vostra reserva. Truqueu-nos al +34 963 521 081 o consulteu la nostra disponibilitat aqui.","og_url":"https:\/\/www.restaurantelienzo.com\/contacto\/","og_site_name":"Restaurante Lienzo Valencia \u00b7 Estrella Michelin","article_publisher":"https:\/\/www.facebook.com\/restaurante.lienzo?fref=ts","article_modified_time":"2025-01-06T10:28:38+00:00","og_image":[{"width":600,"height":900,"url":"https:\/\/www.restaurantelienzo.com\/web\/wp-content\/uploads\/2022\/04\/Maria-Jose-Martinez-restaurantelienzo.jpg","type":"image\/jpeg"}],"twitter_misc":{"Est. reading time":"2 minutes"},"schema":{"@context":"https:\/\/schema.org","@graph":[{"@type":"WebPage","@id":"https:\/\/www.restaurantelienzo.com\/contacto\/","url":"https:\/\/www.restaurantelienzo.com\/contacto\/","name":"Contacte - Restaurante Lienzo","isPartOf":{"@id":"https:\/\/www.restaurantelienzo.com\/#website"},"datePublished":"2013-05-06T05:13:53+00:00","dateModified":"2025-01-06T10:28:38+00:00","description":"Poseu-vos en contacte amb Restaurante Lienzo i realitzeu la vostra reserva. Truqueu-nos al +34 963 521 081 o consulteu la nostra disponibilitat aqui.","breadcrumb":{"@id":"https:\/\/www.restaurantelienzo.com\/contacto\/#breadcrumb"},"inLanguage":"ca","potentialAction":[{"@type":"ReadAction","target":["https:\/\/www.restaurantelienzo.com\/contacto\/"]}]},{"@type":"BreadcrumbList","@id":"https:\/\/www.restaurantelienzo.com\/contacto\/#breadcrumb","itemListElement":[{"@type":"ListItem","position":1,"name":"Portada","item":"https:\/\/www.restaurantelienzo.com\/ca\/"},{"@type":"ListItem","position":2,"name":"Contacte"}]},{"@type":"WebSite","@id":"https:\/\/www.restaurantelienzo.com\/#website","url":"https:\/\/www.restaurantelienzo.com\/","name":"Restaurante Lienzo Valencia \u00b7 Estrella Michelin","description":"Maria Jos\u00e9 Mart\u00ednez en cocina y Juan Jos\u00e9 Soria capitanean el Restaurante Lienzo, cocina mediterr\u00e1nea con ingredientes locales y de temporada. Estrella Michelin 2023","publisher":{"@id":"https:\/\/www.restaurantelienzo.com\/#organization"},"potentialAction":[{"@type":"SearchAction","target":{"@type":"EntryPoint","urlTemplate":"https:\/\/www.restaurantelienzo.com\/?s={search_term_string}"},"query-input":"required name=search_term_string"}],"inLanguage":"ca"},{"@type":"Organization","@id":"https:\/\/www.restaurantelienzo.com\/#organization","name":"Restaurante Lienzo","url":"https:\/\/www.restaurantelienzo.com\/","logo":{"@type":"ImageObject","inLanguage":"ca","@id":"https:\/\/www.restaurantelienzo.com\/#\/schema\/logo\/image\/","url":"https:\/\/www.restaurantelienzo.com\/web\/wp-content\/uploads\/2022\/11\/lienzo-negro.png","contentUrl":"https:\/\/www.restaurantelienzo.com\/web\/wp-content\/uploads\/2022\/11\/lienzo-negro.png","width":341,"height":103,"caption":"Restaurante Lienzo"},"image":{"@id":"https:\/\/www.restaurantelienzo.com\/#\/schema\/logo\/image\/"},"sameAs":["https:\/\/www.facebook.com\/restaurante.lienzo?fref=ts","https:\/\/www.instagram.com\/restaurante_lienzo\/?hl=es"]}]}},"_links":{"self":[{"href":"https:\/\/www.restaurantelienzo.com\/ca\/wp-json\/wp\/v2\/pages\/2826"}],"collection":[{"href":"https:\/\/www.restaurantelienzo.com\/ca\/wp-json\/wp\/v2\/pages"}],"about":[{"href":"https:\/\/www.restaurantelienzo.com\/ca\/wp-json\/wp\/v2\/types\/page"}],"author":[{"embeddable":true,"href":"https:\/\/www.restaurantelienzo.com\/ca\/wp-json\/wp\/v2\/users\/3"}],"replies":[{"embeddable":true,"href":"https:\/\/www.restaurantelienzo.com\/ca\/wp-json\/wp\/v2\/comments?post=2826"}],"version-history":[{"count":24,"href":"https:\/\/www.restaurantelienzo.com\/ca\/wp-json\/wp\/v2\/pages\/2826\/revisions"}],"predecessor-version":[{"id":6577,"href":"https:\/\/www.restaurantelienzo.com\/ca\/wp-json\/wp\/v2\/pages\/2826\/revisions\/6577"}],"wp:attachment":[{"href":"https:\/\/www.restaurantelienzo.com\/ca\/wp-json\/wp\/v2\/media?parent=2826"}],"curies":[{"name":"wp","href":"https:\/\/api.w.org\/{rel}","templated":true}]}}