{"id":2819,"date":"2017-01-10T23:54:05","date_gmt":"2017-01-10T23:54:05","guid":{"rendered":"https:\/\/www.restaurantelienzo.com\/6-2\/"},"modified":"2025-10-14T10:23:12","modified_gmt":"2025-10-14T08:23:12","slug":"6-2","status":"publish","type":"page","link":"https:\/\/www.restaurantelienzo.com\/ca\/","title":{"rendered":"Restaurante Lienzo"},"content":{"rendered":"[vc_row type=&#8221;full_width_content&#8221; full_screen_row_position=&#8221;middle&#8221; column_margin=&#8221;default&#8221; column_direction=&#8221;default&#8221; column_direction_tablet=&#8221;default&#8221; column_direction_phone=&#8221;default&#8221; bg_color=&#8221;#f1e2cd&#8221; scene_position=&#8221;center&#8221; text_color=&#8221;dark&#8221; text_align=&#8221;left&#8221; row_border_radius=&#8221;none&#8221; row_border_radius_applies=&#8221;bg&#8221; overlay_strength=&#8221;0.3&#8243; gradient_direction=&#8221;left_to_right&#8221; shape_divider_position=&#8221;bottom&#8221; bg_image_animation=&#8221;none&#8221; shape_type=&#8221;&#8221;][vc_column column_padding=&#8221;no-extra-padding&#8221; column_padding_tablet=&#8221;inherit&#8221; column_padding_phone=&#8221;inherit&#8221; column_padding_position=&#8221;all&#8221; column_element_spacing=&#8221;default&#8221; background_color_opacity=&#8221;1&#8243; background_hover_color_opacity=&#8221;1&#8243; column_shadow=&#8221;none&#8221; column_border_radius=&#8221;none&#8221; column_link_target=&#8221;_self&#8221; gradient_direction=&#8221;left_to_right&#8221; overlay_strength=&#8221;0.3&#8243; width=&#8221;1\/1&#8243; tablet_width_inherit=&#8221;default&#8221; tablet_text_alignment=&#8221;default&#8221; phone_text_alignment=&#8221;default&#8221; bg_image_animation=&#8221;none&#8221; border_type=&#8221;simple&#8221; column_border_width=&#8221;none&#8221; column_border_style=&#8221;solid&#8221;]<div class=\"nectar_fullscreen_zoom_recent_projects\" data-autorotate=\"\" data-slider-text-color=\"dark\" data-slider-controls=\"both\" data-overlay-opacity=\"0\"><div class=\"project-slides\"><div class=\"project-slide current\"><div class=\"bg-outer-wrap\"><div class=\"bg-outer\"><div class=\"bg-inner-wrap\" style=\"background-color: #000000;\"><div class=\"slide-bg\" style=\"background-image:url(https:\/\/www.restaurantelienzo.com\/web\/wp-content\/uploads\/2017\/01\/bkg-inicio.jpeg)\"><\/div><\/div><\/div><\/div><div class=\"project-info\"><div class=\"container normal-container\"><h1>Restaurant  Lienzo<\/h1>  <a href=\"https:\/\/www.restaurantelienzo.com\/ca\/portfolio\/restaurant-lienzo\/\">View Project<\/a><\/div><\/div><\/div><!--project slide--><div class=\"project-slide next\"><div class=\"bg-outer-wrap\"><div class=\"bg-outer\"><div class=\"bg-inner-wrap\" style=\"background-color: #000000;\"><div class=\"slide-bg\" style=\"background-image:url(https:\/\/www.restaurantelienzo.com\/web\/wp-content\/uploads\/2017\/01\/carne-1.jpeg)\"><\/div><\/div><\/div><\/div><div class=\"project-info\"><div class=\"container normal-container\"><h1>Carta de plats<\/h1>  <a href=\"https:\/\/www.restaurantelienzo.com\/ca\/portfolio\/carta-de-plats\/\">View Project<\/a><\/div><\/div><\/div><!--project slide--><div class=\"project-slide next\"><div class=\"bg-outer-wrap\"><div class=\"bg-outer\"><div class=\"bg-inner-wrap\" style=\"background-color: #000000;\"><div class=\"slide-bg\" style=\"background-image:url(https:\/\/www.restaurantelienzo.com\/web\/wp-content\/uploads\/2017\/01\/res4.jpg)\"><\/div><\/div><\/div><\/div><div class=\"project-info\"><div class=\"container normal-container\"><h1>Celebra amb nosaltres els teus esdeveniments<\/h1>  <a href=\"https:\/\/www.restaurantelienzo.com\/ca\/portfolio\/celebra-esdeveniments\/\">View Project<\/a><\/div><\/div><\/div><!--project slide--><div class=\"project-slide next\"><div class=\"bg-outer-wrap\"><div class=\"bg-outer\"><div class=\"bg-inner-wrap\" style=\"background-color: #000000;\"><div class=\"slide-bg\" style=\"background-image:url(https:\/\/www.restaurantelienzo.com\/web\/wp-content\/uploads\/2016\/12\/actualidad.jpg)\"><\/div><\/div><\/div><\/div><div class=\"project-info\"><div class=\"container normal-container\"><h1>L\u2019actualitat de Lienzo<\/h1>  <a href=\"https:\/\/www.restaurantelienzo.com\/ca\/portfolio\/actualitat-lienzo\/\">View Project<\/a><\/div><\/div><\/div><!--project slide--><div class=\"project-slide next\"><div class=\"bg-outer-wrap\"><div class=\"bg-outer\"><div class=\"bg-inner-wrap\" style=\"background-color: #000000;\"><div class=\"slide-bg\" style=\"background-image:url(https:\/\/www.restaurantelienzo.com\/web\/wp-content\/uploads\/2016\/11\/equipo-lienzo-cabecera.jpg)\"><\/div><\/div><\/div><\/div><div class=\"project-info\"><div class=\"container normal-container\"><h1>Fam\u00edlia Lienzo<\/h1>  <a href=\"https:\/\/www.restaurantelienzo.com\/ca\/portfolio\/familia-lienzo\/\">View Project<\/a><\/div><\/div><\/div><!--project slide--><div class=\"project-slide next\"><div class=\"bg-outer-wrap\"><div class=\"bg-outer\"><div class=\"bg-inner-wrap\" style=\"background-color: #000000;\"><div class=\"slide-bg\" style=\"background-image:url(https:\/\/www.restaurantelienzo.com\/web\/wp-content\/uploads\/2015\/09\/cabecera-lienzo-reservar.jpg)\"><\/div><\/div><\/div><\/div><div class=\"project-info\"><div class=\"container normal-container\"><h1>Fer una reserva<\/h1>  <a href=\"https:\/\/www.restaurantelienzo.com\/ca\/portfolio\/fer-una-reserva\/\">View Project<\/a><\/div><\/div><\/div><!--project slide--><\/div><div class=\"container normal-container\"><div class=\"zoom-slider-controls\"><a class=\"prev\" href=\"#\"><i class=\"fa fa-angle-left\" aria-hidden=\"true\"><\/i><\/a><a class=\"next\" href=\"#\"><i class=\"fa fa-angle-right\" aria-hidden=\"true\"><\/i><\/a><\/div><\/div><\/div><!--nectar_fullscreen_zoom_recent_projects-->[vc_raw_html]JTNDJTIxLS0lMjAlM0NzdHlsZSUzRSUwQSUyMCUyMCU0MG1lZGlhJTIwb25seSUyMHNjcmVlbiUyMGFuZCUyMCUyOG1heC13aWR0aCUzQSUyMDc2OHB4JTI5JTIwJTdCJTBBJTIwJTIwJTIwJTIwLmhvbGlkYXktbm90aWNlJTIwJTdCJTBBJTIwJTIwJTIwJTIwJTIwJTIwZGlzcGxheSUzQSUyMG5vbmUlM0IlMEElMjAlMjAlMjAlMjAlN0QlMEElMjAlMjAlN0QlMEElMjAlMjAlNDBtZWRpYSUyMG9ubHklMjBzY3JlZW4lMjBhbmQlMjAlMjhtaW4td2lkdGglM0ElMjA3NjlweCUyOSUyMCU3QiUwQSUyMCUyMCUyMCUyMC5tb2JpbGUtb25seSUyMCU3QiUwQSUyMCUyMCUyMCUyMCUyMCUyMGRpc3BsYXklM0ElMjBub25lJTNCJTBBJTIwJTIwJTIwJTIwJTdEJTBBJTIwJTIwJTdEJTBBJTNDJTJGc3R5bGUlM0UtLSUzRSUwQSUwQSUzQyUyMS0tJTIwJTNDZGl2JTIwY2xhc3MlM0QlMjJjYXJ0ZWxWYWNhY2lvbmVzJTIyJTNFVEFOQ0FUJTIwUEVSJTIwVkFDQUNJT05TJTIwREVMJTIwMTclMjBBR09TVCUyMEFMJTIwMTAlMjBTRVRFTUJSRSUzQyUyRmRpdiUzRSUyMC0tJTNFJTBB[\/vc_raw_html][\/vc_column][\/vc_row]\n","protected":false},"excerpt":{"rendered":"<p>[vc_row type=&#8221;full_width_content&#8221; full_screen_row_position=&#8221;middle&#8221; column_margin=&#8221;default&#8221; column_direction=&#8221;default&#8221; column_direction_tablet=&#8221;default&#8221; column_direction_phone=&#8221;default&#8221; bg_color=&#8221;#f1e2cd&#8221; scene_position=&#8221;center&#8221; text_color=&#8221;dark&#8221; text_align=&#8221;left&#8221; row_border_radius=&#8221;none&#8221; row_border_radius_applies=&#8221;bg&#8221; overlay_strength=&#8221;0.3&#8243; gradient_direction=&#8221;left_to_right&#8221; shape_divider_position=&#8221;bottom&#8221; bg_image_animation=&#8221;none&#8221; shape_type=&#8221;&#8221;][vc_column column_padding=&#8221;no-extra-padding&#8221; column_padding_tablet=&#8221;inherit&#8221; column_padding_phone=&#8221;inherit&#8221; column_padding_position=&#8221;all&#8221; column_element_spacing=&#8221;default&#8221; background_color_opacity=&#8221;1&#8243; background_hover_color_opacity=&#8221;1&#8243; column_shadow=&#8221;none&#8221; column_border_radius=&#8221;none&#8221; column_link_target=&#8221;_self&#8221; gradient_direction=&#8221;left_to_right&#8221; overlay_strength=&#8221;0.3&#8243;&#8230;<\/p>\n","protected":false},"author":3,"featured_media":0,"parent":0,"menu_order":0,"comment_status":"closed","ping_status":"closed","template":"template-no-footer.php","meta":{"footnotes":""},"yoast_head":"<!-- This site is optimized with the Yoast SEO plugin v22.4 - https:\/\/yoast.com\/wordpress\/plugins\/seo\/ -->\n<title>Restaurante Lienzo - Restaurante Lienzo Valencia \u00b7 Estrella Michelin<\/title>\n<meta name=\"description\" content=\"Restaurant Lienzo, alta cuina mediterr\u00e0nia amb ingredients locals i de temporada a Val\u00e8ncia. Estrella Michelin 2021\" \/>\n<meta name=\"robots\" content=\"index, follow, max-snippet:-1, max-image-preview:large, max-video-preview:-1\" \/>\n<link rel=\"canonical\" href=\"https:\/\/www.restaurantelienzo.com\/ca\/\" \/>\n<meta property=\"og:locale\" content=\"ca_ES\" \/>\n<meta property=\"og:type\" content=\"article\" \/>\n<meta property=\"og:title\" content=\"Restaurante Lienzo - Restaurante Lienzo Valencia \u00b7 Estrella Michelin\" \/>\n<meta property=\"og:description\" content=\"Restaurant Lienzo, alta cuina mediterr\u00e0nia amb ingredients locals i de temporada a Val\u00e8ncia. Estrella Michelin 2021\" \/>\n<meta property=\"og:url\" content=\"https:\/\/www.restaurantelienzo.com\/ca\/\" \/>\n<meta property=\"og:site_name\" content=\"Restaurante Lienzo Valencia \u00b7 Estrella Michelin\" \/>\n<meta property=\"article:publisher\" content=\"https:\/\/www.facebook.com\/restaurante.lienzo?fref=ts\" \/>\n<meta property=\"article:modified_time\" content=\"2025-10-14T08:23:12+00:00\" \/>\n<meta property=\"og:image\" content=\"https:\/\/www.restaurantelienzo.com\/web\/wp-content\/uploads\/2022\/04\/Maria-Jose-Martinez-restaurantelienzo.jpg\" \/>\n\t<meta property=\"og:image:width\" content=\"600\" \/>\n\t<meta property=\"og:image:height\" content=\"900\" \/>\n\t<meta property=\"og:image:type\" content=\"image\/jpeg\" \/>\n<meta name=\"twitter:label1\" content=\"Est. reading time\" \/>\n\t<meta name=\"twitter:data1\" content=\"1 minute\" \/>\n<script type=\"application\/ld+json\" class=\"yoast-schema-graph\">{\"@context\":\"https:\/\/schema.org\",\"@graph\":[{\"@type\":\"WebPage\",\"@id\":\"https:\/\/www.restaurantelienzo.com\/ca\/\",\"url\":\"https:\/\/www.restaurantelienzo.com\/ca\/\",\"name\":\"Restaurante Lienzo - Restaurante Lienzo Valencia \u00b7 Estrella Michelin\",\"isPartOf\":{\"@id\":\"https:\/\/www.restaurantelienzo.com\/#website\"},\"datePublished\":\"2017-01-10T23:54:05+00:00\",\"dateModified\":\"2025-10-14T08:23:12+00:00\",\"description\":\"Restaurant Lienzo, alta cuina mediterr\u00e0nia amb ingredients locals i de temporada a Val\u00e8ncia. Estrella Michelin 2021\",\"breadcrumb\":{\"@id\":\"https:\/\/www.restaurantelienzo.com\/ca\/#breadcrumb\"},\"inLanguage\":\"ca\",\"potentialAction\":[{\"@type\":\"ReadAction\",\"target\":[\"https:\/\/www.restaurantelienzo.com\/ca\/\"]}]},{\"@type\":\"BreadcrumbList\",\"@id\":\"https:\/\/www.restaurantelienzo.com\/ca\/#breadcrumb\",\"itemListElement\":[{\"@type\":\"ListItem\",\"position\":1,\"name\":\"Portada\",\"item\":\"https:\/\/www.restaurantelienzo.com\/ca\/\"},{\"@type\":\"ListItem\",\"position\":2,\"name\":\"Restaurante Lienzo\"}]},{\"@type\":\"WebSite\",\"@id\":\"https:\/\/www.restaurantelienzo.com\/#website\",\"url\":\"https:\/\/www.restaurantelienzo.com\/\",\"name\":\"Restaurante Lienzo Valencia \u00b7 Estrella Michelin\",\"description\":\"Maria Jos\u00e9 Mart\u00ednez en cocina y Juan Jos\u00e9 Soria capitanean el Restaurante Lienzo, cocina mediterr\u00e1nea con ingredientes locales y de temporada. Estrella Michelin 2023\",\"publisher\":{\"@id\":\"https:\/\/www.restaurantelienzo.com\/#organization\"},\"potentialAction\":[{\"@type\":\"SearchAction\",\"target\":{\"@type\":\"EntryPoint\",\"urlTemplate\":\"https:\/\/www.restaurantelienzo.com\/?s={search_term_string}\"},\"query-input\":\"required name=search_term_string\"}],\"inLanguage\":\"ca\"},{\"@type\":\"Organization\",\"@id\":\"https:\/\/www.restaurantelienzo.com\/#organization\",\"name\":\"Restaurante Lienzo\",\"url\":\"https:\/\/www.restaurantelienzo.com\/\",\"logo\":{\"@type\":\"ImageObject\",\"inLanguage\":\"ca\",\"@id\":\"https:\/\/www.restaurantelienzo.com\/#\/schema\/logo\/image\/\",\"url\":\"https:\/\/www.restaurantelienzo.com\/web\/wp-content\/uploads\/2022\/11\/lienzo-negro.png\",\"contentUrl\":\"https:\/\/www.restaurantelienzo.com\/web\/wp-content\/uploads\/2022\/11\/lienzo-negro.png\",\"width\":341,\"height\":103,\"caption\":\"Restaurante Lienzo\"},\"image\":{\"@id\":\"https:\/\/www.restaurantelienzo.com\/#\/schema\/logo\/image\/\"},\"sameAs\":[\"https:\/\/www.facebook.com\/restaurante.lienzo?fref=ts\",\"https:\/\/www.instagram.com\/restaurante_lienzo\/?hl=es\"]}]}<\/script>\n<!-- \/ Yoast SEO plugin. -->","yoast_head_json":{"title":"Restaurante Lienzo - Restaurante Lienzo Valencia \u00b7 Estrella Michelin","description":"Restaurant Lienzo, alta cuina mediterr\u00e0nia amb ingredients locals i de temporada a Val\u00e8ncia. Estrella Michelin 2021","robots":{"index":"index","follow":"follow","max-snippet":"max-snippet:-1","max-image-preview":"max-image-preview:large","max-video-preview":"max-video-preview:-1"},"canonical":"https:\/\/www.restaurantelienzo.com\/ca\/","og_locale":"ca_ES","og_type":"article","og_title":"Restaurante Lienzo - Restaurante Lienzo Valencia \u00b7 Estrella Michelin","og_description":"Restaurant Lienzo, alta cuina mediterr\u00e0nia amb ingredients locals i de temporada a Val\u00e8ncia. Estrella Michelin 2021","og_url":"https:\/\/www.restaurantelienzo.com\/ca\/","og_site_name":"Restaurante Lienzo Valencia \u00b7 Estrella Michelin","article_publisher":"https:\/\/www.facebook.com\/restaurante.lienzo?fref=ts","article_modified_time":"2025-10-14T08:23:12+00:00","og_image":[{"width":600,"height":900,"url":"https:\/\/www.restaurantelienzo.com\/web\/wp-content\/uploads\/2022\/04\/Maria-Jose-Martinez-restaurantelienzo.jpg","type":"image\/jpeg"}],"twitter_misc":{"Est. reading time":"1 minute"},"schema":{"@context":"https:\/\/schema.org","@graph":[{"@type":"WebPage","@id":"https:\/\/www.restaurantelienzo.com\/ca\/","url":"https:\/\/www.restaurantelienzo.com\/ca\/","name":"Restaurante Lienzo - Restaurante Lienzo Valencia \u00b7 Estrella Michelin","isPartOf":{"@id":"https:\/\/www.restaurantelienzo.com\/#website"},"datePublished":"2017-01-10T23:54:05+00:00","dateModified":"2025-10-14T08:23:12+00:00","description":"Restaurant Lienzo, alta cuina mediterr\u00e0nia amb ingredients locals i de temporada a Val\u00e8ncia. Estrella Michelin 2021","breadcrumb":{"@id":"https:\/\/www.restaurantelienzo.com\/ca\/#breadcrumb"},"inLanguage":"ca","potentialAction":[{"@type":"ReadAction","target":["https:\/\/www.restaurantelienzo.com\/ca\/"]}]},{"@type":"BreadcrumbList","@id":"https:\/\/www.restaurantelienzo.com\/ca\/#breadcrumb","itemListElement":[{"@type":"ListItem","position":1,"name":"Portada","item":"https:\/\/www.restaurantelienzo.com\/ca\/"},{"@type":"ListItem","position":2,"name":"Restaurante Lienzo"}]},{"@type":"WebSite","@id":"https:\/\/www.restaurantelienzo.com\/#website","url":"https:\/\/www.restaurantelienzo.com\/","name":"Restaurante Lienzo Valencia \u00b7 Estrella Michelin","description":"Maria Jos\u00e9 Mart\u00ednez en cocina y Juan Jos\u00e9 Soria capitanean el Restaurante Lienzo, cocina mediterr\u00e1nea con ingredientes locales y de temporada. Estrella Michelin 2023","publisher":{"@id":"https:\/\/www.restaurantelienzo.com\/#organization"},"potentialAction":[{"@type":"SearchAction","target":{"@type":"EntryPoint","urlTemplate":"https:\/\/www.restaurantelienzo.com\/?s={search_term_string}"},"query-input":"required name=search_term_string"}],"inLanguage":"ca"},{"@type":"Organization","@id":"https:\/\/www.restaurantelienzo.com\/#organization","name":"Restaurante Lienzo","url":"https:\/\/www.restaurantelienzo.com\/","logo":{"@type":"ImageObject","inLanguage":"ca","@id":"https:\/\/www.restaurantelienzo.com\/#\/schema\/logo\/image\/","url":"https:\/\/www.restaurantelienzo.com\/web\/wp-content\/uploads\/2022\/11\/lienzo-negro.png","contentUrl":"https:\/\/www.restaurantelienzo.com\/web\/wp-content\/uploads\/2022\/11\/lienzo-negro.png","width":341,"height":103,"caption":"Restaurante Lienzo"},"image":{"@id":"https:\/\/www.restaurantelienzo.com\/#\/schema\/logo\/image\/"},"sameAs":["https:\/\/www.facebook.com\/restaurante.lienzo?fref=ts","https:\/\/www.instagram.com\/restaurante_lienzo\/?hl=es"]}]}},"_links":{"self":[{"href":"https:\/\/www.restaurantelienzo.com\/ca\/wp-json\/wp\/v2\/pages\/2819"}],"collection":[{"href":"https:\/\/www.restaurantelienzo.com\/ca\/wp-json\/wp\/v2\/pages"}],"about":[{"href":"https:\/\/www.restaurantelienzo.com\/ca\/wp-json\/wp\/v2\/types\/page"}],"author":[{"embeddable":true,"href":"https:\/\/www.restaurantelienzo.com\/ca\/wp-json\/wp\/v2\/users\/3"}],"replies":[{"embeddable":true,"href":"https:\/\/www.restaurantelienzo.com\/ca\/wp-json\/wp\/v2\/comments?post=2819"}],"version-history":[{"count":26,"href":"https:\/\/www.restaurantelienzo.com\/ca\/wp-json\/wp\/v2\/pages\/2819\/revisions"}],"predecessor-version":[{"id":7600,"href":"https:\/\/www.restaurantelienzo.com\/ca\/wp-json\/wp\/v2\/pages\/2819\/revisions\/7600"}],"wp:attachment":[{"href":"https:\/\/www.restaurantelienzo.com\/ca\/wp-json\/wp\/v2\/media?parent=2819"}],"curies":[{"name":"wp","href":"https:\/\/api.w.org\/{rel}","templated":true}]}}