{"id":2801,"date":"2013-05-02T10:50:29","date_gmt":"2013-05-02T08:50:29","guid":{"rendered":"https:\/\/www.restaurantelienzo.com\/carta\/"},"modified":"2026-01-27T22:29:35","modified_gmt":"2026-01-27T21:29:35","slug":"carta","status":"publish","type":"page","link":"https:\/\/www.restaurantelienzo.com\/ca\/carta\/","title":{"rendered":"Carta"},"content":{"rendered":"[vc_row type=&#8221;full_width_background&#8221; full_screen_row_position=&#8221;middle&#8221; column_margin=&#8221;default&#8221; column_direction=&#8221;default&#8221; column_direction_tablet=&#8221;default&#8221; column_direction_phone=&#8221;default&#8221; bg_color=&#8221;rgba(241,226,205,0.37)&#8221; scene_position=&#8221;center&#8221; top_padding=&#8221;10%&#8221; bottom_padding=&#8221;5%&#8221; top_padding_tablet=&#8221;8%&#8221; bottom_padding_tablet=&#8221;5%&#8221; top_padding_phone=&#8221;6%&#8221; bottom_padding_phone=&#8221;3%&#8221; text_color=&#8221;dark&#8221; text_align=&#8221;left&#8221; row_border_radius=&#8221;none&#8221; row_border_radius_applies=&#8221;bg&#8221; id=&#8221;menu&#8221; overlay_strength=&#8221;0.3&#8243; gradient_direction=&#8221;left_to_right&#8221; shape_divider_position=&#8221;bottom&#8221; bg_image_animation=&#8221;none&#8221; shape_type=&#8221;&#8221;][vc_column column_padding=&#8221;no-extra-padding&#8221; column_padding_tablet=&#8221;inherit&#8221; column_padding_phone=&#8221;inherit&#8221; column_padding_position=&#8221;all&#8221; column_element_spacing=&#8221;default&#8221; centered_text=&#8221;true&#8221; background_color_opacity=&#8221;1&#8243; background_hover_color_opacity=&#8221;1&#8243; column_shadow=&#8221;none&#8221; column_border_radius=&#8221;none&#8221; column_link_target=&#8221;_self&#8221; gradient_direction=&#8221;left_to_right&#8221; overlay_strength=&#8221;0.3&#8243; width=&#8221;1\/1&#8243; tablet_width_inherit=&#8221;default&#8221; tablet_text_alignment=&#8221;default&#8221; phone_text_alignment=&#8221;default&#8221; bg_image_animation=&#8221;none&#8221; border_type=&#8221;simple&#8221; column_border_width=&#8221;none&#8221; column_border_style=&#8221;solid&#8221;][tabbed_section style=&#8221;minimal_alt&#8221; alignment=&#8221;center&#8221; spacing=&#8221;side-25px&#8221; tab_color=&#8221;Extra-Color-1&#8243; cta_button_style=&#8221;extra-color-3&#8243; icon_size=&#8221;24&#8243;][tab icon_family=&#8221;none&#8221; title=&#8221;Men\u00fas&#8221; id=&#8221;1756733432901-1&#8243; tab_id=&#8221;1756733432901-9&#8243;][vc_column_text css=&#8221;.vc_custom_1631258131269{padding-top: 60px !important;}&#8221;]\n<h2 style=\"text-align: center;\">Men\u00fas<\/h2>\n[\/vc_column_text][vc_row_inner column_margin=&#8221;default&#8221; column_direction=&#8221;default&#8221; column_direction_tablet=&#8221;default&#8221; column_direction_phone=&#8221;default&#8221; top_padding=&#8221;30&#8243; text_align=&#8221;left&#8221;][vc_column_inner column_padding=&#8221;padding-3-percent&#8221; column_padding_tablet=&#8221;inherit&#8221; column_padding_phone=&#8221;inherit&#8221; column_padding_position=&#8221;all&#8221; column_element_spacing=&#8221;default&#8221; centered_text=&#8221;true&#8221; background_color=&#8221;rgba(255,255,255,0.5)&#8221; background_color_opacity=&#8221;1&#8243; background_hover_color_opacity=&#8221;1&#8243; column_shadow=&#8221;none&#8221; column_border_radius=&#8221;none&#8221; column_link_target=&#8221;_self&#8221; gradient_direction=&#8221;left_to_right&#8221; overlay_strength=&#8221;0.3&#8243; width=&#8221;1\/3&#8243; tablet_width_inherit=&#8221;default&#8221; bg_image_animation=&#8221;none&#8221; enable_animation=&#8221;true&#8221; animation=&#8221;fade-in&#8221; border_type=&#8221;simple&#8221; column_border_width=&#8221;1px&#8221; column_border_color=&#8221;#820000&#8243; column_border_style=&#8221;solid&#8221; enable_border_animation=&#8221;true&#8221;][vc_column_text css=&#8221;.vc_custom_1630947216113{margin-bottom: 30px !important;}&#8221;]\n<h2>Trazos<\/h2>\n[\/vc_column_text][divider line_type=&#8221;Full Width Line&#8221; line_thickness=&#8221;1&#8243; divider_color=&#8221;extra-color-1&#8243;][vc_column_text css=&#8221;.vc_custom_1650551101175{padding-top: 20px !important;}&#8221;]\n<h3 style=\"text-align: center;\">Men\u00fa del d\u00eda<\/h3>\n[\/vc_column_text][vc_custom_heading text=&#8221;74\u20ac&#8221; font_container=&#8221;tag:h5|text_align:center|color:%23820000&#8243; use_theme_fonts=&#8221;yes&#8221; css=&#8221;.vc_custom_1768848058921{padding-top: 20px !important;}&#8221;][vc_column_text css=&#8221;.vc_custom_1667396224575{margin-bottom: 30px !important;}&#8221;]\n<p style=\"text-align: center;\">Amb aquest men\u00fa nom\u00e9s s&#8217;accepten taules m\u00e0ximes de 6 pax.<\/p>\n[\/vc_column_text][vc_column_text css=&#8221;.vc_custom_1766164299672{margin-bottom: 30px !important;}&#8221;]\n<h6 style=\"text-align: center;\">IVA incl\u00f2s<br \/>\nDisponible solo en servici de menjar de dimecres a divendres de 13.45 a 14.30 h.<\/h6>\n[\/vc_column_text][nectar_btn size=&#8221;large&#8221; button_style=&#8221;regular&#8221; button_color_2=&#8221;Extra-Color-1&#8243; solid_text_color_override=&#8221;#ffffff&#8221; icon_family=&#8221;none&#8221; text=&#8221;74\u20ac&#8221;][\/vc_column_inner][vc_column_inner column_padding=&#8221;padding-3-percent&#8221; column_padding_tablet=&#8221;inherit&#8221; column_padding_phone=&#8221;inherit&#8221; column_padding_position=&#8221;all&#8221; column_element_spacing=&#8221;default&#8221; centered_text=&#8221;true&#8221; background_color=&#8221;rgba(255,255,255,0.5)&#8221; background_color_opacity=&#8221;1&#8243; background_hover_color_opacity=&#8221;1&#8243; column_shadow=&#8221;none&#8221; column_border_radius=&#8221;none&#8221; column_link_target=&#8221;_self&#8221; gradient_direction=&#8221;left_to_right&#8221; overlay_strength=&#8221;0.3&#8243; width=&#8221;1\/3&#8243; tablet_width_inherit=&#8221;default&#8221; bg_image_animation=&#8221;none&#8221; enable_animation=&#8221;true&#8221; animation=&#8221;fade-in&#8221; border_type=&#8221;simple&#8221; column_border_width=&#8221;1px&#8221; column_border_color=&#8221;#820000&#8243; column_border_style=&#8221;solid&#8221; enable_border_animation=&#8221;true&#8221;][vc_column_text css=&#8221;.vc_custom_1630946853063{margin-bottom: 30px !important;}&#8221;]\n<h2>Pinceladas<\/h2>\n[\/vc_column_text][divider line_type=&#8221;Full Width Line&#8221; line_thickness=&#8221;1&#8243; divider_color=&#8221;extra-color-1&#8243;][vc_column_text css=&#8221;.vc_custom_1634223726956{padding-top: 20px !important;}&#8221;]\n<h3 style=\"text-align: center;\">10 plats<\/h3>\n[\/vc_column_text][vc_custom_heading text=&#8221;105\u20ac&#8221; font_container=&#8221;tag:h5|text_align:center|color:%23820000&#8243; use_theme_fonts=&#8221;yes&#8221; css=&#8221;.vc_custom_1758025428306{padding-top: 20px !important;}&#8221;][vc_column_text css=&#8221;.vc_custom_1634223695891{margin-bottom: 30px !important;}&#8221;]\n<h6 style=\"text-align: center;\">IVA incl\u00f2s<br \/>\nDisponible fins les 14:30h i 21:00h<\/h6>\n[\/vc_column_text][nectar_btn size=&#8221;large&#8221; button_style=&#8221;regular&#8221; button_color_2=&#8221;Extra-Color-1&#8243; solid_text_color_override=&#8221;#ffffff&#8221; icon_family=&#8221;none&#8221; text=&#8221;105\u20ac&#8221;][\/vc_column_inner][vc_column_inner column_padding=&#8221;padding-3-percent&#8221; column_padding_tablet=&#8221;inherit&#8221; column_padding_phone=&#8221;inherit&#8221; column_padding_position=&#8221;all&#8221; column_element_spacing=&#8221;default&#8221; centered_text=&#8221;true&#8221; background_color=&#8221;rgba(255,255,255,0.5)&#8221; background_color_opacity=&#8221;1&#8243; background_hover_color_opacity=&#8221;1&#8243; column_shadow=&#8221;none&#8221; column_border_radius=&#8221;none&#8221; column_link_target=&#8221;_self&#8221; gradient_direction=&#8221;left_to_right&#8221; overlay_strength=&#8221;0.3&#8243; width=&#8221;1\/3&#8243; tablet_width_inherit=&#8221;default&#8221; bg_image_animation=&#8221;none&#8221; border_type=&#8221;simple&#8221; column_border_width=&#8221;1px&#8221; column_border_color=&#8221;#820000&#8243; column_border_style=&#8221;solid&#8221; enable_border_animation=&#8221;true&#8221;][vc_column_text css=&#8221;.vc_custom_1630947081643{margin-bottom: 30px !important;}&#8221;]\n<h2>Lienzo<\/h2>\n[\/vc_column_text][divider line_type=&#8221;Full Width Line&#8221; line_thickness=&#8221;1&#8243; divider_color=&#8221;extra-color-1&#8243;][vc_column_text css=&#8221;.vc_custom_1634223735717{padding-top: 20px !important;}&#8221;]\n<h3 style=\"text-align: center;\">14 plats<\/h3>\n[\/vc_column_text][vc_custom_heading text=&#8221;130\u20ac&#8221; font_container=&#8221;tag:h5|text_align:center|color:%23820000&#8243; use_theme_fonts=&#8221;yes&#8221; css=&#8221;.vc_custom_1758025446864{padding-top: 20px !important;}&#8221;][vc_column_text css=&#8221;.vc_custom_1717176130089{margin-bottom: 30px !important;}&#8221;]\n<h6 style=\"text-align: center;\">IVA incl\u00f2s<br \/>\nDimecres a diumenge de 13:30-14:00<br \/>\nDimecres a dissabte de 20:30-21:00<\/h6>\n[\/vc_column_text][nectar_btn size=&#8221;large&#8221; button_style=&#8221;regular&#8221; button_color_2=&#8221;Extra-Color-1&#8243; solid_text_color_override=&#8221;#ffffff&#8221; icon_family=&#8221;none&#8221; text=&#8221;130\u20ac&#8221;][\/vc_column_inner][\/vc_row_inner][vc_column_text]\n<p style=\"text-align: center;\"><strong>Tots els nostres men\u00fas inclouen servei de pa i OOVE. No inclouen la beguda.<\/strong><br \/>\n<strong>Els men\u00fas es serviran a taula completa.<\/strong><\/p>\n<p style=\"text-align: center;\"><strong>Aquest restaurant no ofereix men\u00fas vegans. Opcions vegetarianes a Trazos i Pinzellades. \u00c9s necessari avisar amb un dia d&#8217;antelaci\u00f3, gr\u00e0cies.<\/strong><\/p>\n[\/vc_column_text][nectar_btn size=&#8221;large&#8221; button_style=&#8221;regular&#8221; button_color_2=&#8221;Extra-Color-1&#8243; solid_text_color_override=&#8221;#ffffff&#8221; icon_family=&#8221;none&#8221; text=&#8221;RESERVAR UN MEN\u00da&#8221; url=&#8221;http:\/\/www.restaurantelienzo.com\/ca\/reserves\/&#8221;][\/tab][tab icon_family=&#8221;none&#8221; title=&#8221;Vins&#8221; id=&#8221;1756733432987-5&#8243; tab_id=&#8221;1756733432987-7&#8243;][vc_column_text css=&#8221;.vc_custom_1634548531461{padding-top: 60px !important;}&#8221;]\n<h2 style=\"text-align: center;\">Carta de vins<\/h2>\n[\/vc_column_text][vc_row_inner column_margin=&#8221;default&#8221; column_direction=&#8221;default&#8221; column_direction_tablet=&#8221;default&#8221; column_direction_phone=&#8221;default&#8221; text_align=&#8221;left&#8221; el_id=&#8221;escumosos&#8221; css=&#8221;.vc_custom_1642757748268{padding-top: 30px !important;padding-bottom: 30px !important;}&#8221;][vc_column_inner column_padding=&#8221;no-extra-padding&#8221; column_padding_tablet=&#8221;inherit&#8221; column_padding_phone=&#8221;inherit&#8221; column_padding_position=&#8221;all&#8221; column_element_spacing=&#8221;default&#8221; background_color_opacity=&#8221;1&#8243; background_hover_color_opacity=&#8221;1&#8243; column_shadow=&#8221;none&#8221; column_border_radius=&#8221;none&#8221; column_link_target=&#8221;_self&#8221; gradient_direction=&#8221;left_to_right&#8221; overlay_strength=&#8221;0.3&#8243; width=&#8221;1\/1&#8243; tablet_width_inherit=&#8221;default&#8221; bg_image_animation=&#8221;none&#8221; enable_animation=&#8221;true&#8221; animation=&#8221;fade-in&#8221; border_type=&#8221;simple&#8221; column_border_width=&#8221;none&#8221; column_border_style=&#8221;solid&#8221;][vc_column_text css=&#8221;.vc_custom_1756733449461{padding-top: 60px !important;}&#8221;]\n<h3 style=\"text-align: center;\">Llen\u00e7 disposa d&#8217;una carta de vins din\u00e0mica, amb refer\u00e8ncies de les principals zones vin\u00edcoles nacionals i internacionals.<\/h3>\n[\/vc_column_text][divider line_type=&#8221;No Line&#8221;][\/vc_column_inner][\/vc_row_inner][\/tab][\/tabbed_section][\/vc_column][\/vc_row][vc_row type=&#8221;full_width_background&#8221; full_screen_row_position=&#8221;middle&#8221; column_margin=&#8221;default&#8221; column_direction=&#8221;default&#8221; column_direction_tablet=&#8221;default&#8221; column_direction_phone=&#8221;default&#8221; bg_color=&#8221;rgba(241,226,205,0.37)&#8221; scene_position=&#8221;center&#8221; top_padding=&#8221;60&#8243; bottom_padding=&#8221;60&#8243; top_padding_tablet=&#8221;40&#8243; bottom_padding_tablet=&#8221;40&#8243; top_padding_phone=&#8221;30&#8243; bottom_padding_phone=&#8221;30&#8243; text_color=&#8221;dark&#8221; text_align=&#8221;left&#8221; row_border_radius=&#8221;none&#8221; row_border_radius_applies=&#8221;bg&#8221; id=&#8221;events&#8221; overlay_strength=&#8221;0.3&#8243; gradient_direction=&#8221;left_to_right&#8221; shape_divider_position=&#8221;bottom&#8221; bg_image_animation=&#8221;none&#8221; shape_type=&#8221;&#8221;][vc_column column_padding=&#8221;no-extra-padding&#8221; column_padding_tablet=&#8221;inherit&#8221; column_padding_phone=&#8221;inherit&#8221; column_padding_position=&#8221;all&#8221; column_element_spacing=&#8221;default&#8221; background_color_opacity=&#8221;1&#8243; background_hover_color_opacity=&#8221;1&#8243; column_shadow=&#8221;none&#8221; column_border_radius=&#8221;none&#8221; column_link_target=&#8221;_self&#8221; gradient_direction=&#8221;left_to_right&#8221; overlay_strength=&#8221;0.3&#8243; width=&#8221;3\/5&#8243; tablet_width_inherit=&#8221;default&#8221; tablet_text_alignment=&#8221;default&#8221; phone_text_alignment=&#8221;default&#8221; bg_image_animation=&#8221;none&#8221; border_type=&#8221;simple&#8221; column_border_width=&#8221;none&#8221; column_border_style=&#8221;solid&#8221;][image_with_animation image_url=&#8221;2399&#8243; animation=&#8221;Fade In&#8221; hover_animation=&#8221;none&#8221; alignment=&#8221;&#8221; border_radius=&#8221;none&#8221; box_shadow=&#8221;none&#8221; image_loading=&#8221;default&#8221; max_width=&#8221;100%&#8221; max_width_mobile=&#8221;default&#8221;][\/vc_column][vc_column column_padding=&#8221;padding-3-percent&#8221; column_padding_tablet=&#8221;inherit&#8221; column_padding_phone=&#8221;inherit&#8221; column_padding_position=&#8221;left-right&#8221; column_element_spacing=&#8221;default&#8221; background_color_opacity=&#8221;1&#8243; background_hover_color_opacity=&#8221;1&#8243; column_shadow=&#8221;none&#8221; column_border_radius=&#8221;none&#8221; column_link_target=&#8221;_self&#8221; gradient_direction=&#8221;left_to_right&#8221; overlay_strength=&#8221;0.3&#8243; width=&#8221;2\/5&#8243; tablet_width_inherit=&#8221;default&#8221; tablet_text_alignment=&#8221;default&#8221; phone_text_alignment=&#8221;default&#8221; bg_image_animation=&#8221;none&#8221; border_type=&#8221;simple&#8221; column_border_width=&#8221;none&#8221; column_border_style=&#8221;solid&#8221;][vc_column_text css_animation=&#8221;none&#8221; max_width=&#8221;550&#8243; css=&#8221;.vc_custom_1634223796253{padding-top: 30px !important;padding-bottom: 20px !important;}&#8221;]\n<h5>TENS UN ESDEVENIMENT IMPORTANT PER CELEBRAR?<\/h5>\n[\/vc_column_text][divider line_type=&#8221;Full Width Line&#8221; line_thickness=&#8221;1&#8243; divider_color=&#8221;extra-color-2&#8243; animate=&#8221;yes&#8221; custom_height=&#8221;10&#8243;][divider line_type=&#8221;No Line&#8221; custom_height=&#8221;10&#8243;][vc_column_text css_animation=&#8221;none&#8221; css=&#8221;.vc_custom_1634223805899{margin-bottom: 20px !important;}&#8221;]\n<h2>Celebra el teu esdeveniment amb nosaltres<\/h2>\n[\/vc_column_text][vc_column_text css_animation=&#8221;none&#8221; css=&#8221;.vc_custom_1717066440532{padding-bottom: 30px !important;}&#8221;]\n<p class=\"p1\">A Lienzo disposem de 2 salons completament diferenciats. El primer, amb vistes a la Pla\u00e7a Tetuan, t\u00e9 una capacitat de 15 comensals; mentre que el segon, amb vistes a la bodega i a la cuina, t\u00e9 una capacitat de 30 comensals.<\/p>\n<p><strong>A partir de 6 persones s\u00f3n grups.<\/strong><\/p>\n<p><strong>Reserva el teu esdeveniment totalment privat amb nosaltres.<br \/>\nDemana informaci\u00f3 sobre els nostres men\u00fas per a grups.<\/strong>[\/vc_column_text][nectar_btn size=&#8221;large&#8221; open_new_tab=&#8221;true&#8221; button_style=&#8221;regular&#8221; button_color_2=&#8221;Extra-Color-1&#8243; solid_text_color_override=&#8221;#ffffff&#8221; icon_family=&#8221;none&#8221; text=&#8221;DEMANAR M\u00c9S INFORMACI\u00d3!&#8221; url=&#8221;mailto:info@restaurantelienzo.com&#8221;][\/vc_column][\/vc_row]\n","protected":false},"excerpt":{"rendered":"<p>[vc_row type=&#8221;full_width_background&#8221; full_screen_row_position=&#8221;middle&#8221; column_margin=&#8221;default&#8221; column_direction=&#8221;default&#8221; column_direction_tablet=&#8221;default&#8221; column_direction_phone=&#8221;default&#8221; bg_color=&#8221;rgba(241,226,205,0.37)&#8221; scene_position=&#8221;center&#8221; top_padding=&#8221;10%&#8221; bottom_padding=&#8221;5%&#8221; top_padding_tablet=&#8221;8%&#8221; bottom_padding_tablet=&#8221;5%&#8221; top_padding_phone=&#8221;6%&#8221; bottom_padding_phone=&#8221;3%&#8221; text_color=&#8221;dark&#8221; text_align=&#8221;left&#8221; row_border_radius=&#8221;none&#8221; row_border_radius_applies=&#8221;bg&#8221; id=&#8221;menu&#8221; overlay_strength=&#8221;0.3&#8243; gradient_direction=&#8221;left_to_right&#8221; shape_divider_position=&#8221;bottom&#8221; bg_image_animation=&#8221;none&#8221; shape_type=&#8221;&#8221;][vc_column column_padding=&#8221;no-extra-padding&#8221; column_padding_tablet=&#8221;inherit&#8221; column_padding_phone=&#8221;inherit&#8221; column_padding_position=&#8221;all&#8221; column_element_spacing=&#8221;default&#8221;&#8230;<\/p>\n","protected":false},"author":3,"featured_media":0,"parent":0,"menu_order":0,"comment_status":"closed","ping_status":"closed","template":"","meta":{"footnotes":""},"yoast_head":"<!-- This site is optimized with the Yoast SEO plugin v22.4 - https:\/\/yoast.com\/wordpress\/plugins\/seo\/ -->\n<title>Carta i esdeveniments - Restaurante Lienzo en Valencia<\/title>\n<meta name=\"description\" content=\"El restaurant Lienzo Valencia ofereix un men\u00fa basat en productes locals i de temporada. Restaurant al centre de Val\u00e8ncia.\" \/>\n<meta name=\"robots\" content=\"index, follow, max-snippet:-1, max-image-preview:large, max-video-preview:-1\" \/>\n<link rel=\"canonical\" href=\"https:\/\/www.restaurantelienzo.com\/carta\/\" \/>\n<meta property=\"og:locale\" content=\"ca_ES\" \/>\n<meta property=\"og:type\" content=\"article\" \/>\n<meta property=\"og:title\" content=\"Carta i esdeveniments - Restaurante Lienzo en Valencia\" \/>\n<meta property=\"og:description\" content=\"El restaurant Lienzo Valencia ofereix un men\u00fa basat en productes locals i de temporada. Restaurant al centre de Val\u00e8ncia.\" \/>\n<meta property=\"og:url\" content=\"https:\/\/www.restaurantelienzo.com\/carta\/\" \/>\n<meta property=\"og:site_name\" content=\"Restaurante Lienzo Valencia \u00b7 Estrella Michelin\" \/>\n<meta property=\"article:publisher\" content=\"https:\/\/www.facebook.com\/restaurante.lienzo?fref=ts\" \/>\n<meta property=\"article:modified_time\" content=\"2026-01-27T21:29:35+00:00\" \/>\n<meta property=\"og:image\" content=\"https:\/\/www.restaurantelienzo.com\/web\/wp-content\/uploads\/2022\/04\/Maria-Jose-Martinez-restaurantelienzo.jpg\" \/>\n\t<meta property=\"og:image:width\" content=\"600\" \/>\n\t<meta property=\"og:image:height\" content=\"900\" \/>\n\t<meta property=\"og:image:type\" content=\"image\/jpeg\" \/>\n<meta name=\"twitter:label1\" content=\"Est. reading time\" \/>\n\t<meta name=\"twitter:data1\" content=\"3 minutes\" \/>\n<script type=\"application\/ld+json\" class=\"yoast-schema-graph\">{\"@context\":\"https:\/\/schema.org\",\"@graph\":[{\"@type\":\"WebPage\",\"@id\":\"https:\/\/www.restaurantelienzo.com\/carta\/\",\"url\":\"https:\/\/www.restaurantelienzo.com\/carta\/\",\"name\":\"Carta i esdeveniments - Restaurante Lienzo en Valencia\",\"isPartOf\":{\"@id\":\"https:\/\/www.restaurantelienzo.com\/#website\"},\"datePublished\":\"2013-05-02T08:50:29+00:00\",\"dateModified\":\"2026-01-27T21:29:35+00:00\",\"description\":\"El restaurant Lienzo Valencia ofereix un men\u00fa basat en productes locals i de temporada. Restaurant al centre de Val\u00e8ncia.\",\"breadcrumb\":{\"@id\":\"https:\/\/www.restaurantelienzo.com\/carta\/#breadcrumb\"},\"inLanguage\":\"ca\",\"potentialAction\":[{\"@type\":\"ReadAction\",\"target\":[\"https:\/\/www.restaurantelienzo.com\/carta\/\"]}]},{\"@type\":\"BreadcrumbList\",\"@id\":\"https:\/\/www.restaurantelienzo.com\/carta\/#breadcrumb\",\"itemListElement\":[{\"@type\":\"ListItem\",\"position\":1,\"name\":\"Portada\",\"item\":\"https:\/\/www.restaurantelienzo.com\/ca\/\"},{\"@type\":\"ListItem\",\"position\":2,\"name\":\"Carta\"}]},{\"@type\":\"WebSite\",\"@id\":\"https:\/\/www.restaurantelienzo.com\/#website\",\"url\":\"https:\/\/www.restaurantelienzo.com\/\",\"name\":\"Restaurante Lienzo Valencia \u00b7 Estrella Michelin\",\"description\":\"Maria Jos\u00e9 Mart\u00ednez en cocina y Juan Jos\u00e9 Soria capitanean el Restaurante Lienzo, cocina mediterr\u00e1nea con ingredientes locales y de temporada. Estrella Michelin 2023\",\"publisher\":{\"@id\":\"https:\/\/www.restaurantelienzo.com\/#organization\"},\"potentialAction\":[{\"@type\":\"SearchAction\",\"target\":{\"@type\":\"EntryPoint\",\"urlTemplate\":\"https:\/\/www.restaurantelienzo.com\/?s={search_term_string}\"},\"query-input\":\"required name=search_term_string\"}],\"inLanguage\":\"ca\"},{\"@type\":\"Organization\",\"@id\":\"https:\/\/www.restaurantelienzo.com\/#organization\",\"name\":\"Restaurante Lienzo\",\"url\":\"https:\/\/www.restaurantelienzo.com\/\",\"logo\":{\"@type\":\"ImageObject\",\"inLanguage\":\"ca\",\"@id\":\"https:\/\/www.restaurantelienzo.com\/#\/schema\/logo\/image\/\",\"url\":\"https:\/\/www.restaurantelienzo.com\/web\/wp-content\/uploads\/2022\/11\/lienzo-negro.png\",\"contentUrl\":\"https:\/\/www.restaurantelienzo.com\/web\/wp-content\/uploads\/2022\/11\/lienzo-negro.png\",\"width\":341,\"height\":103,\"caption\":\"Restaurante Lienzo\"},\"image\":{\"@id\":\"https:\/\/www.restaurantelienzo.com\/#\/schema\/logo\/image\/\"},\"sameAs\":[\"https:\/\/www.facebook.com\/restaurante.lienzo?fref=ts\",\"https:\/\/www.instagram.com\/restaurante_lienzo\/?hl=es\"]}]}<\/script>\n<!-- \/ Yoast SEO plugin. -->","yoast_head_json":{"title":"Carta i esdeveniments - Restaurante Lienzo en Valencia","description":"El restaurant Lienzo Valencia ofereix un men\u00fa basat en productes locals i de temporada. Restaurant al centre de Val\u00e8ncia.","robots":{"index":"index","follow":"follow","max-snippet":"max-snippet:-1","max-image-preview":"max-image-preview:large","max-video-preview":"max-video-preview:-1"},"canonical":"https:\/\/www.restaurantelienzo.com\/carta\/","og_locale":"ca_ES","og_type":"article","og_title":"Carta i esdeveniments - Restaurante Lienzo en Valencia","og_description":"El restaurant Lienzo Valencia ofereix un men\u00fa basat en productes locals i de temporada. Restaurant al centre de Val\u00e8ncia.","og_url":"https:\/\/www.restaurantelienzo.com\/carta\/","og_site_name":"Restaurante Lienzo Valencia \u00b7 Estrella Michelin","article_publisher":"https:\/\/www.facebook.com\/restaurante.lienzo?fref=ts","article_modified_time":"2026-01-27T21:29:35+00:00","og_image":[{"width":600,"height":900,"url":"https:\/\/www.restaurantelienzo.com\/web\/wp-content\/uploads\/2022\/04\/Maria-Jose-Martinez-restaurantelienzo.jpg","type":"image\/jpeg"}],"twitter_misc":{"Est. reading time":"3 minutes"},"schema":{"@context":"https:\/\/schema.org","@graph":[{"@type":"WebPage","@id":"https:\/\/www.restaurantelienzo.com\/carta\/","url":"https:\/\/www.restaurantelienzo.com\/carta\/","name":"Carta i esdeveniments - Restaurante Lienzo en Valencia","isPartOf":{"@id":"https:\/\/www.restaurantelienzo.com\/#website"},"datePublished":"2013-05-02T08:50:29+00:00","dateModified":"2026-01-27T21:29:35+00:00","description":"El restaurant Lienzo Valencia ofereix un men\u00fa basat en productes locals i de temporada. Restaurant al centre de Val\u00e8ncia.","breadcrumb":{"@id":"https:\/\/www.restaurantelienzo.com\/carta\/#breadcrumb"},"inLanguage":"ca","potentialAction":[{"@type":"ReadAction","target":["https:\/\/www.restaurantelienzo.com\/carta\/"]}]},{"@type":"BreadcrumbList","@id":"https:\/\/www.restaurantelienzo.com\/carta\/#breadcrumb","itemListElement":[{"@type":"ListItem","position":1,"name":"Portada","item":"https:\/\/www.restaurantelienzo.com\/ca\/"},{"@type":"ListItem","position":2,"name":"Carta"}]},{"@type":"WebSite","@id":"https:\/\/www.restaurantelienzo.com\/#website","url":"https:\/\/www.restaurantelienzo.com\/","name":"Restaurante Lienzo Valencia \u00b7 Estrella Michelin","description":"Maria Jos\u00e9 Mart\u00ednez en cocina y Juan Jos\u00e9 Soria capitanean el Restaurante Lienzo, cocina mediterr\u00e1nea con ingredientes locales y de temporada. Estrella Michelin 2023","publisher":{"@id":"https:\/\/www.restaurantelienzo.com\/#organization"},"potentialAction":[{"@type":"SearchAction","target":{"@type":"EntryPoint","urlTemplate":"https:\/\/www.restaurantelienzo.com\/?s={search_term_string}"},"query-input":"required name=search_term_string"}],"inLanguage":"ca"},{"@type":"Organization","@id":"https:\/\/www.restaurantelienzo.com\/#organization","name":"Restaurante Lienzo","url":"https:\/\/www.restaurantelienzo.com\/","logo":{"@type":"ImageObject","inLanguage":"ca","@id":"https:\/\/www.restaurantelienzo.com\/#\/schema\/logo\/image\/","url":"https:\/\/www.restaurantelienzo.com\/web\/wp-content\/uploads\/2022\/11\/lienzo-negro.png","contentUrl":"https:\/\/www.restaurantelienzo.com\/web\/wp-content\/uploads\/2022\/11\/lienzo-negro.png","width":341,"height":103,"caption":"Restaurante Lienzo"},"image":{"@id":"https:\/\/www.restaurantelienzo.com\/#\/schema\/logo\/image\/"},"sameAs":["https:\/\/www.facebook.com\/restaurante.lienzo?fref=ts","https:\/\/www.instagram.com\/restaurante_lienzo\/?hl=es"]}]}},"_links":{"self":[{"href":"https:\/\/www.restaurantelienzo.com\/ca\/wp-json\/wp\/v2\/pages\/2801"}],"collection":[{"href":"https:\/\/www.restaurantelienzo.com\/ca\/wp-json\/wp\/v2\/pages"}],"about":[{"href":"https:\/\/www.restaurantelienzo.com\/ca\/wp-json\/wp\/v2\/types\/page"}],"author":[{"embeddable":true,"href":"https:\/\/www.restaurantelienzo.com\/ca\/wp-json\/wp\/v2\/users\/3"}],"replies":[{"embeddable":true,"href":"https:\/\/www.restaurantelienzo.com\/ca\/wp-json\/wp\/v2\/comments?post=2801"}],"version-history":[{"count":92,"href":"https:\/\/www.restaurantelienzo.com\/ca\/wp-json\/wp\/v2\/pages\/2801\/revisions"}],"predecessor-version":[{"id":7908,"href":"https:\/\/www.restaurantelienzo.com\/ca\/wp-json\/wp\/v2\/pages\/2801\/revisions\/7908"}],"wp:attachment":[{"href":"https:\/\/www.restaurantelienzo.com\/ca\/wp-json\/wp\/v2\/media?parent=2801"}],"curies":[{"name":"wp","href":"https:\/\/api.w.org\/{rel}","templated":true}]}}