{"id":2797,"date":"2013-05-02T10:50:57","date_gmt":"2013-05-02T09:50:57","guid":{"rendered":"https:\/\/www.restaurantelienzo.com\/reservas\/"},"modified":"2025-09-30T13:21:53","modified_gmt":"2025-09-30T11:21:53","slug":"reserves","status":"publish","type":"page","link":"https:\/\/www.restaurantelienzo.com\/ca\/reserves\/","title":{"rendered":"Reserves"},"content":{"rendered":"[vc_row type=&#8221;full_width_background&#8221; full_screen_row_position=&#8221;middle&#8221; column_margin=&#8221;default&#8221; column_direction=&#8221;default&#8221; column_direction_tablet=&#8221;default&#8221; column_direction_phone=&#8221;default&#8221; bg_color=&#8221;#f1e2cd&#8221; scene_position=&#8221;center&#8221; top_padding=&#8221;160&#8243; top_padding_tablet=&#8221;60&#8243; top_padding_phone=&#8221;60&#8243; text_color=&#8221;dark&#8221; text_align=&#8221;left&#8221; row_border_radius=&#8221;none&#8221; row_border_radius_applies=&#8221;bg&#8221; overlay_strength=&#8221;0.3&#8243; gradient_direction=&#8221;left_to_right&#8221; shape_divider_position=&#8221;bottom&#8221; bg_image_animation=&#8221;none&#8221; shape_type=&#8221;&#8221;][vc_column column_padding=&#8221;no-extra-padding&#8221; column_padding_tablet=&#8221;inherit&#8221; column_padding_phone=&#8221;inherit&#8221; column_padding_position=&#8221;all&#8221; column_element_spacing=&#8221;default&#8221; background_color_opacity=&#8221;1&#8243; background_hover_color_opacity=&#8221;1&#8243; column_shadow=&#8221;none&#8221; column_border_radius=&#8221;none&#8221; column_link_target=&#8221;_self&#8221; gradient_direction=&#8221;left_to_right&#8221; overlay_strength=&#8221;0.3&#8243; width=&#8221;1\/1&#8243; tablet_width_inherit=&#8221;default&#8221; tablet_text_alignment=&#8221;default&#8221; phone_text_alignment=&#8221;default&#8221; bg_image_animation=&#8221;none&#8221; border_type=&#8221;simple&#8221; column_border_width=&#8221;none&#8221; column_border_style=&#8221;solid&#8221;][vc_column_text css=&#8221;.vc_custom_1634222597621{padding-bottom: 60px !important;}&#8221;]\n<h2 style=\"text-align: center;\">Fes la teva reserva<\/h2>\n[\/vc_column_text][vc_raw_html]JTNDc2NyaXB0JTIwdHlwZSUzRCUyMnRleHQlMkZqYXZhc2NyaXB0JTIyJTBBJTIwJTIwJTIwJTIwJTIwJTIwJTIwJTIwJTIwJTIwJTIwJTIwJTIwJTIwJTIwJTIwJTIwJTIwJTIwJTIwJTIwJTIwJTIwJTIwJTIwJTIwJTIwJTIwJTIwJTIwJTIwJTIwJTIwJTIwJTIwJTIwJTIwJTIwJTIwJTIwJTIwJTIwJTIwJTIwJTIwJTIwJTIwJTIwJTIwJTIwJTIwJTIwJTIwJTIwJTIwJTIwJTIwJTIwJTIwJTIwJTIwJTIwJTIwJTIwJTIwJTIwJTIwJTIwJTIwJTBBJTIwJTIwJTIwJTIwJTIwJTIwJTIwJTIwJTIwJTIwJTIwJTIwJTIwJTIwJTIwJTBBc3JjJTNEJTIyaHR0cHMlM0ElMkYlMkZ3d3cuY292ZXJtYW5hZ2VyLmNvbSUyRmpzJTJGaWZyYW1lUmVzaXplciUyRmlmcmFtZVJlc2l6ZXIubWluLmpzJTIyJTNFJTNDJTJGc2NyaXB0JTNFJTNDaWZyYW1lJTBBJTIwJTIwJTIwJTIwJTIwJTIwJTIwJTIwJTIwJTIwJTIwJTIwJTIwJTIwJTIwJTIwJTIwJTIwJTIwJTIwJTIwJTIwJTIwJTIwJTIwJTIwJTIwJTIwJTIwJTIwJTIwJTIwJTIwJTIwJTIwJTIwJTIwJTIwJTIwJTIwJTIwJTIwJTIwJTIwJTIwJTIwJTIwJTIwJTIwJTIwJTIwJTIwJTIwJTIwJTIwJTIwJTIwJTIwJTIwJTBBaWQlM0QlMjJyZXN0YXVyYW50ZS1saWVuem8lMjIlMjB0aXRsZSUzRCUyMlJlc2VydmFzJTIyJTBBJTIwJTIwJTIwJTIwJTIwJTIwJTIwJTIwJTIwJTIwJTIwJTIwJTIwJTIwJTIwJTIwJTIwJTIwJTIwJTIwJTIwJTIwJTIwJTIwJTIwJTIwJTIwJTIwJTIwJTIwJTIwJTIwJTIwJTIwJTIwJTIwJTIwJTIwJTIwJTIwJTIwJTIwJTIwJTIwJTIwJTIwJTIwJTIwJTIwJTIwJTIwJTIwJTIwJTIwJTIwJTIwJTIwJTIwJTIwJTBBc3JjJTNEJTIyaHR0cHMlM0ElMkYlMkZ3d3cuY292ZXJtYW5hZ2VyLmNvbSUyRnJlc2VydmF0aW9uJTJGbW9kdWxlX3Jlc3RhdXJhbnQlMkZyZXN0YXVyYW50ZS1saWVuem8lMkZzcGFuaXNoJTIyJTBBJTIwJTIwJTIwJTIwJTIwJTIwJTIwJTIwJTIwJTIwJTIwJTIwJTIwJTIwJTIwJTIwJTIwJTIwJTIwJTIwJTIwJTIwJTIwJTIwJTIwJTIwJTIwJTIwJTIwJTIwJTIwJTIwJTIwJTIwJTIwJTIwJTIwJTIwJTIwJTIwJTIwJTIwJTIwJTIwJTIwJTIwJTIwJTIwJTIwJTIwJTIwJTIwJTIwJTIwJTIwJTIwJTIwJTIwJTIwJTBBYWxsb3clM0QlMjJwYXltZW50JTIyJTIwZnJhbWVib3JkZXIlM0QlMjIwJTIyJTIwaGVpZ2h0JTNEJTIyNTUwJTIyJTIwd2lkdGglM0QlMjIxMDAlMjUlMjIlMEFvbmxvYWQlM0QlMjJpRnJhbWVSZXNpemUlMjglMjklM0IlMjIlM0UlM0MlMkZpZnJhbWUlM0U=[\/vc_raw_html][vc_row_inner column_margin=&#8221;default&#8221; column_direction=&#8221;default&#8221; column_direction_tablet=&#8221;default&#8221; column_direction_phone=&#8221;default&#8221; text_align=&#8221;left&#8221; css=&#8221;.vc_custom_1631201149853{padding-top: 40px !important;padding-bottom: 60px !important;}&#8221;][vc_column_inner column_padding=&#8221;no-extra-padding&#8221; column_padding_tablet=&#8221;inherit&#8221; column_padding_phone=&#8221;inherit&#8221; column_padding_position=&#8221;all&#8221; column_element_spacing=&#8221;default&#8221; background_color_opacity=&#8221;1&#8243; background_hover_color_opacity=&#8221;1&#8243; column_shadow=&#8221;none&#8221; column_border_radius=&#8221;none&#8221; column_link_target=&#8221;_self&#8221; gradient_direction=&#8221;left_to_right&#8221; overlay_strength=&#8221;0.3&#8243; width=&#8221;1\/2&#8243; tablet_width_inherit=&#8221;default&#8221; bg_image_animation=&#8221;none&#8221; border_type=&#8221;simple&#8221; column_border_width=&#8221;none&#8221; column_border_style=&#8221;solid&#8221;][vc_column_text css_animation=&#8221;none&#8221; css=&#8221;.vc_custom_1634223221036{padding-bottom: 30px !important;}&#8221;]\n<h3 style=\"text-align: left;\">Pol\u00edtica de cancel\u00b7laci\u00f3 de reserves<\/h3>\n[\/vc_column_text][vc_column_text css_animation=&#8221;none&#8221;]<strong>Les condicions de cancel\u00b7laci\u00f3 de les reserves s\u00f3n les seg\u00fcents:<\/strong><\/p>\n<p>No tindr\u00e0 cap cost per al client, sempre que, fa la cancel\u00b7laci\u00f3 per correu electr\u00f2nic a <a href=\"mailto:info@restaurantelienzo.com\" target=\"_blank\" rel=\"noopener noreferrer\">info@restaurantelienzo.com<\/a> 48 hores abans de la data reservada.<br \/>\nEn cas contrari es far\u00e0 un c\u00e0rrec del preu de la reserva, a trav\u00e9s de la targeta de cr\u00e8dit que hagi facilitat.<br \/>\nPer efectuar una cancel\u00b7laci\u00f3, heu d&#8217;enviar un mail sol\u00b7licitant la cancel\u00b7laci\u00f3 i esperar la confirmaci\u00f3 per part de l&#8217;adre\u00e7a de Restaurant Lienzo.<\/p>\n<p>Passats 15 minuts de l&#8217;hora de reserva el restaurant es reserva el dret de cancel\u00b7lar la reserva i cobrar la penalitzaci\u00f3.<br \/>\nSi s&#8217;arriba 15 minuts tard el restaurant pot canviar el men\u00fa sense previ av\u00eds.<\/p>\n<p><strong>Per a qualsevol dubte, preguem que es posin en contacte amb nosaltres a trav\u00e9s de l&#8217;e-mail: <a href=\"mailto:info@restaurantelienzo.com\" target=\"_blank\" rel=\"noopener noreferrer\">info@restaurantelienzo.com<\/a> o per tel\u00e8fon <a href=\"tel:+34963521081\" target=\"_blank\" rel=\"noopener noreferrer\">96 352 10 81<\/a> estarem encantats d&#8217;atendre&#8217;ls.<\/strong>[\/vc_column_text][\/vc_column_inner][vc_column_inner column_padding=&#8221;no-extra-padding&#8221; column_padding_tablet=&#8221;inherit&#8221; column_padding_phone=&#8221;inherit&#8221; column_padding_position=&#8221;all&#8221; column_element_spacing=&#8221;default&#8221; background_color_opacity=&#8221;1&#8243; background_hover_color_opacity=&#8221;1&#8243; column_shadow=&#8221;none&#8221; column_border_radius=&#8221;none&#8221; column_link_target=&#8221;_self&#8221; gradient_direction=&#8221;left_to_right&#8221; overlay_strength=&#8221;0.3&#8243; width=&#8221;1\/2&#8243; tablet_width_inherit=&#8221;default&#8221; bg_image_animation=&#8221;none&#8221; border_type=&#8221;simple&#8221; column_border_width=&#8221;none&#8221; column_border_style=&#8221;solid&#8221;]<div class=\"iwithtext\"><div class=\"iwt-icon\"> <i class=\"icon-default-style fa fa-phone extra-color-2\"><\/i> <\/div><div class=\"iwt-text\"> \n<h3>Per a qualsevol dubte contacta&#8217;ns<\/h3>\n <\/div><div class=\"clear\"><\/div><\/div>[vc_column_text css_animation=&#8221;none&#8221;]<strong>Tel\u00e8fon:<\/strong> <a href=\"tel:+34963521081\" target=\"_blank\" rel=\"noopener noreferrer\">96 352 10 81<\/a><br \/>\n<strong>Correu electr\u00f3nico:<\/strong> <a href=\"mailto:info@restaurantelienzo.com\">info@restaurantelienzo.com<\/a><\/p>\n<p>Horari atenci\u00f3 al client<\/p>\n<p>De dimecres a diumenge de 10.30 a 13.30<br \/>\nDe dimecres a dissabte de 20.00 a 20.30[\/vc_column_text][\/vc_column_inner][\/vc_row_inner][\/vc_column][\/vc_row][vc_row type=&#8221;full_width_background&#8221; full_screen_row_position=&#8221;middle&#8221; column_margin=&#8221;default&#8221; column_direction=&#8221;default&#8221; column_direction_tablet=&#8221;default&#8221; column_direction_phone=&#8221;default&#8221; bg_color=&#8221;rgba(241,226,205,0.37)&#8221; scene_position=&#8221;center&#8221; text_color=&#8221;dark&#8221; text_align=&#8221;left&#8221; row_border_radius=&#8221;none&#8221; row_border_radius_applies=&#8221;bg&#8221; overlay_strength=&#8221;0.3&#8243; gradient_direction=&#8221;left_to_right&#8221; shape_divider_position=&#8221;bottom&#8221; bg_image_animation=&#8221;none&#8221; shape_type=&#8221;&#8221;][vc_column column_padding=&#8221;no-extra-padding&#8221; column_padding_tablet=&#8221;inherit&#8221; column_padding_phone=&#8221;inherit&#8221; column_padding_position=&#8221;all&#8221; column_element_spacing=&#8221;default&#8221; background_color_opacity=&#8221;1&#8243; background_hover_color_opacity=&#8221;1&#8243; column_shadow=&#8221;none&#8221; column_border_radius=&#8221;none&#8221; column_link_target=&#8221;_self&#8221; gradient_direction=&#8221;left_to_right&#8221; overlay_strength=&#8221;0.3&#8243; width=&#8221;1\/1&#8243; tablet_width_inherit=&#8221;default&#8221; tablet_text_alignment=&#8221;default&#8221; phone_text_alignment=&#8221;default&#8221; bg_image_animation=&#8221;none&#8221; border_type=&#8221;simple&#8221; column_border_width=&#8221;none&#8221; column_border_style=&#8221;solid&#8221;][vc_column_text css_animation=&#8221;none&#8221; css=&#8221;.vc_custom_1634222958062{padding-top: 60px !important;padding-bottom: 30px !important;}&#8221;]\n<h3 style=\"text-align: center;\">Restaurant Llen\u00e7, el teu restaurant a Val\u00e8ncia<\/h3>\n[\/vc_column_text][vc_row_inner column_margin=&#8221;default&#8221; column_direction=&#8221;default&#8221; column_direction_tablet=&#8221;default&#8221; column_direction_phone=&#8221;default&#8221; text_align=&#8221;left&#8221; css=&#8221;.vc_custom_1631200870885{padding-bottom: 40px !important;}&#8221;][vc_column_inner column_padding=&#8221;no-extra-padding&#8221; column_padding_tablet=&#8221;inherit&#8221; column_padding_phone=&#8221;inherit&#8221; column_padding_position=&#8221;all&#8221; column_element_spacing=&#8221;default&#8221; background_color_opacity=&#8221;1&#8243; background_hover_color_opacity=&#8221;1&#8243; column_shadow=&#8221;none&#8221; column_border_radius=&#8221;none&#8221; column_link_target=&#8221;_self&#8221; gradient_direction=&#8221;left_to_right&#8221; overlay_strength=&#8221;0.3&#8243; width=&#8221;1\/2&#8243; tablet_width_inherit=&#8221;default&#8221; bg_image_animation=&#8221;none&#8221; border_type=&#8221;simple&#8221; column_border_width=&#8221;none&#8221; column_border_style=&#8221;solid&#8221;][vc_column_text css_animation=&#8221;none&#8221;]<strong>El restaurant amb l&#8217;objectiu d&#8217;oferir la millor experi\u00e8ncia als clients recomana no acudir amb menors de 4 anys, no disposem de trones ni de men\u00fa infantil.<\/strong><\/p>\n<p>Per tal d&#8217;oferir un adequat servei als nostres clients i garantir la reserva, cal acceptar les condicions de reserva i pol\u00edtica de cancel\u00b7laci\u00f3.<\/p>\n<p>Les reserves de cap de setmana (divendres nit incl\u00f2s) es faran amb un prepagament de 55\u20ac per comensal.<\/p>\n<p>Aquesta pol\u00edtica Nom\u00e9s s&#8217;aplica en cas que no comuniqui l&#8217;Anul\u00b7laci\u00f3 de la reserva amb un m\u00ednim de <strong> 48 hores o no es presenti al restaurant a la data i hora reservada. En aquest cas, es realitza un c\u00e0rrec de 35 euros per comensal.<\/strong><\/p>\n<p>Si vost\u00e8 hagu\u00e9s comunicat la seva anul\u00b7laci\u00f3 abans d&#8217;aquest termini, no tindria cap c\u00e0rrec. Per tal d&#8217;evitar que aix\u00f2 passi, Restaurant Llen\u00e7, es posar\u00e0 en contacte amb vost\u00e8 via email o sms amb un m\u00ednim de 48 hores d&#8217;antelaci\u00f3 perqu\u00e8 pugui confirmar o cancel\u00b7lar (sense cost) la seva assist\u00e8ncia.<\/p>\n<p>Per aix\u00f2, en el moment de realitzar la reserva, i per tal de poder garantir-la, se sol\u00b7licitaran les dades d&#8217;una targeta de cr\u00e8dit.[\/vc_column_text][\/vc_column_inner][vc_column_inner column_padding=&#8221;no-extra-padding&#8221; column_padding_tablet=&#8221;inherit&#8221; column_padding_phone=&#8221;inherit&#8221; column_padding_position=&#8221;all&#8221; column_element_spacing=&#8221;default&#8221; background_color_opacity=&#8221;1&#8243; background_hover_color_opacity=&#8221;1&#8243; column_shadow=&#8221;none&#8221; column_border_radius=&#8221;none&#8221; column_link_target=&#8221;_self&#8221; gradient_direction=&#8221;left_to_right&#8221; overlay_strength=&#8221;0.3&#8243; width=&#8221;1\/2&#8243; tablet_width_inherit=&#8221;default&#8221; bg_image_animation=&#8221;none&#8221; border_type=&#8221;simple&#8221; column_border_width=&#8221;none&#8221; column_border_style=&#8221;solid&#8221;][vc_column_text css_animation=&#8221;none&#8221;]<strong>La seva taula NOM\u00c9S estar\u00e0 confirmada quan rebi el correu electr\u00f2nic del nostre restaurant que aix\u00ed ho indiqui.<\/strong><\/p>\n<p>Per tal de poder oferir-li un bon servei, \u00e9s important que ens indiqui amb un m\u00ednim de 24 hores d&#8217;antelaci\u00f3, qualsevol tipus d&#8217;al\u00b7l\u00e8rgia, intoler\u00e0ncia o prefer\u00e8ncia per la seva reserva.<\/p>\n<p>El cas que no hi hagi disponibilitat per a la data que desitja, pot posar-se en contacte amb nosaltres al tel\u00e8fon <a href=\"tel:+34963521081\" target=\"_blank\" rel=\"noopener noreferrer\">96 352 10 81<\/a> o enviar-nos un correu electr\u00f2nic amb les seves dades a <a href=\"mailto:info@restaurantelienzo.com\" target=\"_blank\" rel=\"noopener noreferrer\">info@restaurantelienzo.com<\/a> i ens posarem en contacte amb vost\u00e8 el m\u00e9s aviat possible.<\/p>\n<p><strong>Per a la verificaci\u00f3 de la targeta, es realitzar\u00e0 un c\u00e0rrec i un abonament de 2 \u20ac a la targeta corresponent.<\/strong>[\/vc_column_text][\/vc_column_inner][\/vc_row_inner][divider line_type=&#8221;Full Width Line&#8221; line_thickness=&#8221;1&#8243; divider_color=&#8221;extra-color-2&#8243; animate=&#8221;yes&#8221; custom_height=&#8221;40&#8243;][\/vc_column][\/vc_row]\n","protected":false},"excerpt":{"rendered":"<p>[vc_row type=&#8221;full_width_background&#8221; full_screen_row_position=&#8221;middle&#8221; column_margin=&#8221;default&#8221; column_direction=&#8221;default&#8221; column_direction_tablet=&#8221;default&#8221; column_direction_phone=&#8221;default&#8221; bg_color=&#8221;#f1e2cd&#8221; scene_position=&#8221;center&#8221; top_padding=&#8221;160&#8243; top_padding_tablet=&#8221;60&#8243; top_padding_phone=&#8221;60&#8243; text_color=&#8221;dark&#8221; text_align=&#8221;left&#8221; row_border_radius=&#8221;none&#8221; row_border_radius_applies=&#8221;bg&#8221; overlay_strength=&#8221;0.3&#8243; gradient_direction=&#8221;left_to_right&#8221; shape_divider_position=&#8221;bottom&#8221; bg_image_animation=&#8221;none&#8221; shape_type=&#8221;&#8221;][vc_column column_padding=&#8221;no-extra-padding&#8221; column_padding_tablet=&#8221;inherit&#8221; column_padding_phone=&#8221;inherit&#8221; column_padding_position=&#8221;all&#8221; column_element_spacing=&#8221;default&#8221; background_color_opacity=&#8221;1&#8243; background_hover_color_opacity=&#8221;1&#8243; column_shadow=&#8221;none&#8221; column_border_radius=&#8221;none&#8221;&#8230;<\/p>\n","protected":false},"author":3,"featured_media":0,"parent":0,"menu_order":0,"comment_status":"closed","ping_status":"closed","template":"","meta":{"footnotes":""},"yoast_head":"<!-- This site is optimized with the Yoast SEO plugin v22.4 - https:\/\/yoast.com\/wordpress\/plugins\/seo\/ -->\n<title>Reserves - Restaurante Lienzo<\/title>\n<meta name=\"description\" content=\"Fes la teva reserva en aquest enlla\u00e7 o truqueu-nos a l&#039;+34963521081. Consulta els nostres bons regal. Restaurant al centre de Val\u00e8ncia ...\" \/>\n<meta name=\"robots\" content=\"index, follow, max-snippet:-1, max-image-preview:large, max-video-preview:-1\" \/>\n<link rel=\"canonical\" href=\"https:\/\/www.restaurantelienzo.com\/ca\/reserves\/\" \/>\n<meta property=\"og:locale\" content=\"ca_ES\" \/>\n<meta property=\"og:type\" content=\"article\" \/>\n<meta property=\"og:title\" content=\"Reserves - Restaurante Lienzo\" \/>\n<meta property=\"og:description\" content=\"Fes la teva reserva en aquest enlla\u00e7 o truqueu-nos a l&#039;+34963521081. Consulta els nostres bons regal. Restaurant al centre de Val\u00e8ncia ...\" \/>\n<meta property=\"og:url\" content=\"https:\/\/www.restaurantelienzo.com\/ca\/reserves\/\" \/>\n<meta property=\"og:site_name\" content=\"Restaurante Lienzo Valencia \u00b7 Estrella Michelin\" \/>\n<meta property=\"article:publisher\" content=\"https:\/\/www.facebook.com\/restaurante.lienzo?fref=ts\" \/>\n<meta property=\"article:modified_time\" content=\"2025-09-30T11:21:53+00:00\" \/>\n<meta property=\"og:image\" content=\"https:\/\/www.restaurantelienzo.com\/web\/wp-content\/uploads\/2017\/03\/ostra-1536x1024.jpg\" \/>\n<meta name=\"twitter:label1\" content=\"Est. reading time\" \/>\n\t<meta name=\"twitter:data1\" content=\"3 minutes\" \/>\n<script type=\"application\/ld+json\" class=\"yoast-schema-graph\">{\"@context\":\"https:\/\/schema.org\",\"@graph\":[{\"@type\":\"WebPage\",\"@id\":\"https:\/\/www.restaurantelienzo.com\/ca\/reserves\/\",\"url\":\"https:\/\/www.restaurantelienzo.com\/ca\/reserves\/\",\"name\":\"Reserves - Restaurante Lienzo\",\"isPartOf\":{\"@id\":\"https:\/\/www.restaurantelienzo.com\/#website\"},\"datePublished\":\"2013-05-02T09:50:57+00:00\",\"dateModified\":\"2025-09-30T11:21:53+00:00\",\"description\":\"Fes la teva reserva en aquest enlla\u00e7 o truqueu-nos a l'+34963521081. Consulta els nostres bons regal. Restaurant al centre de Val\u00e8ncia ...\",\"breadcrumb\":{\"@id\":\"https:\/\/www.restaurantelienzo.com\/ca\/reserves\/#breadcrumb\"},\"inLanguage\":\"ca\",\"potentialAction\":[{\"@type\":\"ReadAction\",\"target\":[\"https:\/\/www.restaurantelienzo.com\/ca\/reserves\/\"]}]},{\"@type\":\"BreadcrumbList\",\"@id\":\"https:\/\/www.restaurantelienzo.com\/ca\/reserves\/#breadcrumb\",\"itemListElement\":[{\"@type\":\"ListItem\",\"position\":1,\"name\":\"Portada\",\"item\":\"https:\/\/www.restaurantelienzo.com\/ca\/\"},{\"@type\":\"ListItem\",\"position\":2,\"name\":\"Reserves\"}]},{\"@type\":\"WebSite\",\"@id\":\"https:\/\/www.restaurantelienzo.com\/#website\",\"url\":\"https:\/\/www.restaurantelienzo.com\/\",\"name\":\"Restaurante Lienzo Valencia \u00b7 Estrella Michelin\",\"description\":\"Maria Jos\u00e9 Mart\u00ednez en cocina y Juan Jos\u00e9 Soria capitanean el Restaurante Lienzo, cocina mediterr\u00e1nea con ingredientes locales y de temporada. Estrella Michelin 2023\",\"publisher\":{\"@id\":\"https:\/\/www.restaurantelienzo.com\/#organization\"},\"potentialAction\":[{\"@type\":\"SearchAction\",\"target\":{\"@type\":\"EntryPoint\",\"urlTemplate\":\"https:\/\/www.restaurantelienzo.com\/?s={search_term_string}\"},\"query-input\":\"required name=search_term_string\"}],\"inLanguage\":\"ca\"},{\"@type\":\"Organization\",\"@id\":\"https:\/\/www.restaurantelienzo.com\/#organization\",\"name\":\"Restaurante Lienzo\",\"url\":\"https:\/\/www.restaurantelienzo.com\/\",\"logo\":{\"@type\":\"ImageObject\",\"inLanguage\":\"ca\",\"@id\":\"https:\/\/www.restaurantelienzo.com\/#\/schema\/logo\/image\/\",\"url\":\"https:\/\/www.restaurantelienzo.com\/web\/wp-content\/uploads\/2022\/11\/lienzo-negro.png\",\"contentUrl\":\"https:\/\/www.restaurantelienzo.com\/web\/wp-content\/uploads\/2022\/11\/lienzo-negro.png\",\"width\":341,\"height\":103,\"caption\":\"Restaurante Lienzo\"},\"image\":{\"@id\":\"https:\/\/www.restaurantelienzo.com\/#\/schema\/logo\/image\/\"},\"sameAs\":[\"https:\/\/www.facebook.com\/restaurante.lienzo?fref=ts\",\"https:\/\/www.instagram.com\/restaurante_lienzo\/?hl=es\"]}]}<\/script>\n<!-- \/ Yoast SEO plugin. -->","yoast_head_json":{"title":"Reserves - Restaurante Lienzo","description":"Fes la teva reserva en aquest enlla\u00e7 o truqueu-nos a l'+34963521081. Consulta els nostres bons regal. Restaurant al centre de Val\u00e8ncia ...","robots":{"index":"index","follow":"follow","max-snippet":"max-snippet:-1","max-image-preview":"max-image-preview:large","max-video-preview":"max-video-preview:-1"},"canonical":"https:\/\/www.restaurantelienzo.com\/ca\/reserves\/","og_locale":"ca_ES","og_type":"article","og_title":"Reserves - Restaurante Lienzo","og_description":"Fes la teva reserva en aquest enlla\u00e7 o truqueu-nos a l'+34963521081. Consulta els nostres bons regal. Restaurant al centre de Val\u00e8ncia ...","og_url":"https:\/\/www.restaurantelienzo.com\/ca\/reserves\/","og_site_name":"Restaurante Lienzo Valencia \u00b7 Estrella Michelin","article_publisher":"https:\/\/www.facebook.com\/restaurante.lienzo?fref=ts","article_modified_time":"2025-09-30T11:21:53+00:00","og_image":[{"url":"https:\/\/www.restaurantelienzo.com\/web\/wp-content\/uploads\/2017\/03\/ostra-1536x1024.jpg"}],"twitter_misc":{"Est. reading time":"3 minutes"},"schema":{"@context":"https:\/\/schema.org","@graph":[{"@type":"WebPage","@id":"https:\/\/www.restaurantelienzo.com\/ca\/reserves\/","url":"https:\/\/www.restaurantelienzo.com\/ca\/reserves\/","name":"Reserves - Restaurante Lienzo","isPartOf":{"@id":"https:\/\/www.restaurantelienzo.com\/#website"},"datePublished":"2013-05-02T09:50:57+00:00","dateModified":"2025-09-30T11:21:53+00:00","description":"Fes la teva reserva en aquest enlla\u00e7 o truqueu-nos a l'+34963521081. Consulta els nostres bons regal. Restaurant al centre de Val\u00e8ncia ...","breadcrumb":{"@id":"https:\/\/www.restaurantelienzo.com\/ca\/reserves\/#breadcrumb"},"inLanguage":"ca","potentialAction":[{"@type":"ReadAction","target":["https:\/\/www.restaurantelienzo.com\/ca\/reserves\/"]}]},{"@type":"BreadcrumbList","@id":"https:\/\/www.restaurantelienzo.com\/ca\/reserves\/#breadcrumb","itemListElement":[{"@type":"ListItem","position":1,"name":"Portada","item":"https:\/\/www.restaurantelienzo.com\/ca\/"},{"@type":"ListItem","position":2,"name":"Reserves"}]},{"@type":"WebSite","@id":"https:\/\/www.restaurantelienzo.com\/#website","url":"https:\/\/www.restaurantelienzo.com\/","name":"Restaurante Lienzo Valencia \u00b7 Estrella Michelin","description":"Maria Jos\u00e9 Mart\u00ednez en cocina y Juan Jos\u00e9 Soria capitanean el Restaurante Lienzo, cocina mediterr\u00e1nea con ingredientes locales y de temporada. Estrella Michelin 2023","publisher":{"@id":"https:\/\/www.restaurantelienzo.com\/#organization"},"potentialAction":[{"@type":"SearchAction","target":{"@type":"EntryPoint","urlTemplate":"https:\/\/www.restaurantelienzo.com\/?s={search_term_string}"},"query-input":"required name=search_term_string"}],"inLanguage":"ca"},{"@type":"Organization","@id":"https:\/\/www.restaurantelienzo.com\/#organization","name":"Restaurante Lienzo","url":"https:\/\/www.restaurantelienzo.com\/","logo":{"@type":"ImageObject","inLanguage":"ca","@id":"https:\/\/www.restaurantelienzo.com\/#\/schema\/logo\/image\/","url":"https:\/\/www.restaurantelienzo.com\/web\/wp-content\/uploads\/2022\/11\/lienzo-negro.png","contentUrl":"https:\/\/www.restaurantelienzo.com\/web\/wp-content\/uploads\/2022\/11\/lienzo-negro.png","width":341,"height":103,"caption":"Restaurante Lienzo"},"image":{"@id":"https:\/\/www.restaurantelienzo.com\/#\/schema\/logo\/image\/"},"sameAs":["https:\/\/www.facebook.com\/restaurante.lienzo?fref=ts","https:\/\/www.instagram.com\/restaurante_lienzo\/?hl=es"]}]}},"_links":{"self":[{"href":"https:\/\/www.restaurantelienzo.com\/ca\/wp-json\/wp\/v2\/pages\/2797"}],"collection":[{"href":"https:\/\/www.restaurantelienzo.com\/ca\/wp-json\/wp\/v2\/pages"}],"about":[{"href":"https:\/\/www.restaurantelienzo.com\/ca\/wp-json\/wp\/v2\/types\/page"}],"author":[{"embeddable":true,"href":"https:\/\/www.restaurantelienzo.com\/ca\/wp-json\/wp\/v2\/users\/3"}],"replies":[{"embeddable":true,"href":"https:\/\/www.restaurantelienzo.com\/ca\/wp-json\/wp\/v2\/comments?post=2797"}],"version-history":[{"count":19,"href":"https:\/\/www.restaurantelienzo.com\/ca\/wp-json\/wp\/v2\/pages\/2797\/revisions"}],"predecessor-version":[{"id":7543,"href":"https:\/\/www.restaurantelienzo.com\/ca\/wp-json\/wp\/v2\/pages\/2797\/revisions\/7543"}],"wp:attachment":[{"href":"https:\/\/www.restaurantelienzo.com\/ca\/wp-json\/wp\/v2\/media?parent=2797"}],"curies":[{"name":"wp","href":"https:\/\/api.w.org\/{rel}","templated":true}]}}